{"id":9267,"date":"2023-08-28T01:07:35","date_gmt":"2023-08-27T22:07:35","guid":{"rendered":"https:\/\/nreduconsult.com.tr\/?page_id=9267"},"modified":"2023-08-28T01:32:00","modified_gmt":"2023-08-27T22:32:00","slug":"partner-with-us","status":"publish","type":"page","link":"https:\/\/nreduconsult.com.tr\/tr\/partner-with-us\/","title":{"rendered":"Bizimle \u0130\u015fbirli\u011fi Yap\u0131n"},"content":{"rendered":"<div data-elementor-type=\"wp-page\" data-elementor-id=\"9267\" class=\"elementor elementor-9267\">\n\t\t\t\t\t\t<section class=\"elementor-section elementor-top-section elementor-element elementor-element-70fde8a elementor-section-stretched elementor-section-boxed elementor-section-height-default elementor-section-height-default\" data-id=\"70fde8a\" data-element_type=\"section\" data-e-type=\"section\" data-settings=\"{&quot;stretch_section&quot;:&quot;section-stretched&quot;,&quot;background_background&quot;:&quot;classic&quot;}\">\n\t\t\t\t\t\t<div class=\"elementor-container elementor-column-gap-default\">\n\t\t\t\t\t<div class=\"elementor-column elementor-col-50 elementor-top-column elementor-element elementor-element-bb94aa4\" data-id=\"bb94aa4\" data-element_type=\"column\" data-e-type=\"column\">\n\t\t\t<div class=\"elementor-widget-wrap elementor-element-populated\">\n\t\t\t\t\t\t<div class=\"elementor-element elementor-element-cf2c420 elementor-widget elementor-widget-rs-breadcrumb\" data-id=\"cf2c420\" data-element_type=\"widget\" data-e-type=\"widget\" data-widget_type=\"rs-breadcrumb.default\">\n\t\t\t\t<div class=\"elementor-widget-container\">\n\t\t\t\t\t          \n    \t\t\t\t<\/div>\n\t\t\t\t<\/div>\n\t\t\t\t<div class=\"elementor-element elementor-element-6696262 elementor-widget elementor-widget-rs-heading\" data-id=\"6696262\" data-element_type=\"widget\" data-e-type=\"widget\" data-widget_type=\"rs-heading.default\">\n\t\t\t\t<div class=\"elementor-widget-container\">\n\t\t\t\t\t\n        <div class=\"prelements-heading default animate-\">\n\n\n\n        \t<div class=\"title-inner\">        \t\t      \t\t\n\t            <h2 class=\"title\"><span class=\"watermark\"><\/span>Bizimle \u0130\u015fbirli\u011fi Yap\u0131n<\/h2>\t\t\t\t\n\t\t\t\t\t        <\/div>\n\t                    \t<div class=\"description\">\n            \t\t            \t\t<p>E\u011fitim Dan\u0131\u015fmanl\u0131\u011f\u0131'na 10 y\u0131l\u0131 a\u015fk\u0131n s\u00fcredir kazand\u0131\u011f\u0131m\u0131z deneyimle, e\u011fitim yolculuklar\u0131n\u0131 y\u00f6nlendirmede ortaya \u00e7\u0131kan incelikleri derinlemesine anlay\u0131\u015fla ele al\u0131yoruz.<\/p><div id=\"mttContainer\" class=\"bootstrapiso notranslate\" title=\"\" data-html=\"true\" data-original-title=\"\">\u00a0<\/div>  \n            \t<\/div>\n        \t        <\/div>\n        \t\t\t\t<\/div>\n\t\t\t\t<\/div>\n\t\t\t\t\t<\/div>\n\t\t<\/div>\n\t\t\t\t<div class=\"elementor-column elementor-col-50 elementor-top-column elementor-element elementor-element-0bb05f4\" data-id=\"0bb05f4\" data-element_type=\"column\" data-e-type=\"column\">\n\t\t\t<div class=\"elementor-widget-wrap\">\n\t\t\t\t\t\t\t<\/div>\n\t\t<\/div>\n\t\t\t\t\t<\/div>\n\t\t<\/section>\n\t\t\t\t<section class=\"elementor-section elementor-top-section elementor-element elementor-element-e1067e3 elementor-section-boxed elementor-section-height-default elementor-section-height-default\" data-id=\"e1067e3\" data-element_type=\"section\" data-e-type=\"section\">\n\t\t\t\t\t\t<div class=\"elementor-container elementor-column-gap-default\">\n\t\t\t\t\t<div class=\"elementor-column elementor-col-100 elementor-top-column elementor-element elementor-element-a34e5e2\" data-id=\"a34e5e2\" data-element_type=\"column\" data-e-type=\"column\">\n\t\t\t<div class=\"elementor-widget-wrap elementor-element-populated\">\n\t\t\t\t\t\t<div class=\"elementor-element elementor-element-a3a7f45 elementor-widget elementor-widget-spacer\" data-id=\"a3a7f45\" data-element_type=\"widget\" data-e-type=\"widget\" data-widget_type=\"spacer.default\">\n\t\t\t\t<div class=\"elementor-widget-container\">\n\t\t\t\t\t\t\t<div class=\"elementor-spacer\">\n\t\t\t<div class=\"elementor-spacer-inner\"><\/div>\n\t\t<\/div>\n\t\t\t\t\t\t<\/div>\n\t\t\t\t<\/div>\n\t\t\t\t\t<\/div>\n\t\t<\/div>\n\t\t\t\t\t<\/div>\n\t\t<\/section>\n\t\t\t\t<section class=\"elementor-section elementor-top-section elementor-element elementor-element-d6a8752 elementor-section-stretched elementor-section-boxed elementor-section-height-default elementor-section-height-default\" data-id=\"d6a8752\" data-element_type=\"section\" data-e-type=\"section\" data-settings=\"{&quot;stretch_section&quot;:&quot;section-stretched&quot;}\">\n\t\t\t\t\t\t<div class=\"elementor-container elementor-column-gap-default\">\n\t\t\t\t\t<div class=\"elementor-column elementor-col-50 elementor-top-column elementor-element elementor-element-640fc34\" data-id=\"640fc34\" data-element_type=\"column\" data-e-type=\"column\">\n\t\t\t<div class=\"elementor-widget-wrap elementor-element-populated\">\n\t\t\t\t\t\t<div class=\"elementor-element elementor-element-a193782 elementor-widget elementor-widget-rs-heading\" data-id=\"a193782\" data-element_type=\"widget\" data-e-type=\"widget\" data-widget_type=\"rs-heading.default\">\n\t\t\t\t<div class=\"elementor-widget-container\">\n\t\t\t\t\t\n        <div class=\"prelements-heading default animate-\">\n\n\n\n        \t<div class=\"title-inner\">        \t\t      \t\t\n\t            <h2 class=\"title\"><span class=\"watermark\"><\/span>New Routes ile Ortak Olun<\/h2>\t\t\t\t\n\t\t\t\t\t        <\/div>\n\t                    \t<div class=\"description\">\n            \t\t            \t\t<p>New Routes olarak, misyonumuzun \u00f6\u011frencilere kaliteli e\u011fitim arac\u0131l\u0131\u011f\u0131yla tam potansiyellerini a\u00e7ma konusundaki tutkumuzu payla\u015f\u0131yoruz. Bu hedefi ger\u00e7ekle\u015ftirmek i\u00e7in i\u015fbirli\u011finin \u00f6nemine inan\u0131yoruz. Bu nedenle, vizyonumuzu payla\u015fan ve \u00f6\u011frencilerin ya\u015famlar\u0131nda olumlu bir etki yaratmaya kararl\u0131 olan kurumlar ve organizasyonlarla i\u015fbirli\u011fi yapmaya haz\u0131r\u0131z. E\u011fitim kurumu, kar amac\u0131 g\u00fctmeyen bir kurulu\u015f veya bir kurumsal yap\u0131 olun, \u00f6\u011frencilerin \u00e7e\u015fitli ihtiya\u00e7lar\u0131n\u0131 kar\u015f\u0131layan kapsaml\u0131 \u00e7\u00f6z\u00fcmler sunmak i\u00e7in el birli\u011fiyle \u00e7al\u0131\u015fmaya haz\u0131r\u0131z. Birlikte, \u00f6\u011frencilerin d\u00fcnyay\u0131 ke\u015ffetmeleri, de\u011ferli beceriler kazanmalar\u0131 ve k\u00fcresel bir bak\u0131\u015f a\u00e7\u0131s\u0131 geli\u015ftirmeleri i\u00e7in anlaml\u0131 f\u0131rsatlar yaratabiliriz. \u00d6yleyse, gelin g\u00fc\u00e7lerimizi birle\u015ftirip gelece\u011fin liderleri, d\u00fc\u015f\u00fcn\u00fcrleri ve yenilik\u00e7ilerini g\u00fc\u00e7lendirelim.<\/p><div id=\"mttContainer\" class=\"bootstrapiso notranslate\" title=\"\" data-html=\"true\" data-original-title=\"\">\u00a0<\/div>  \n            \t<\/div>\n        \t        <\/div>\n        \t\t\t\t<\/div>\n\t\t\t\t<\/div>\n\t\t\t\t\t<\/div>\n\t\t<\/div>\n\t\t\t\t<div class=\"elementor-column elementor-col-50 elementor-top-column elementor-element elementor-element-4f4ded1\" data-id=\"4f4ded1\" data-element_type=\"column\" data-e-type=\"column\">\n\t\t\t<div class=\"elementor-widget-wrap elementor-element-populated\">\n\t\t\t\t\t\t<div class=\"elementor-element elementor-element-3d81efa elementor-widget elementor-widget-image\" data-id=\"3d81efa\" data-element_type=\"widget\" data-e-type=\"widget\" data-widget_type=\"image.default\">\n\t\t\t\t<div class=\"elementor-widget-container\">\n\t\t\t\t\t\t\t\t\t\t\t\t\t\t\t<img decoding=\"async\" src=\"https:\/\/nreduconsult.com.tr\/wp-content\/uploads\/elementor\/thumbs\/priscilla-du-preez-XkKCui44iM0-unsplash-scaled-qhywrgc2lj21h2vv6hh1f6d5hh15b1gb4zqscjuh78.jpg\" title=\"Bizimle \u0130\u015fbirli\u011fi Yap\u0131n\" alt=\"Partner With Us\" loading=\"lazy\" \/>\t\t\t\t\t\t\t\t\t\t\t\t\t\t\t<\/div>\n\t\t\t\t<\/div>\n\t\t\t\t\t<\/div>\n\t\t<\/div>\n\t\t\t\t\t<\/div>\n\t\t<\/section>\n\t\t\t\t<section class=\"elementor-section elementor-top-section elementor-element elementor-element-4e757bc4 elementor-section-stretched elementor-section-boxed elementor-section-height-default elementor-section-height-default\" data-id=\"4e757bc4\" data-element_type=\"section\" data-e-type=\"section\" id=\"xs_cta_style_16\" data-settings=\"{&quot;stretch_section&quot;:&quot;section-stretched&quot;}\">\n\t\t\t\t\t\t<div class=\"elementor-container elementor-column-gap-default\">\n\t\t\t\t\t<div class=\"elementor-column elementor-col-100 elementor-top-column elementor-element elementor-element-6b45e703\" data-id=\"6b45e703\" data-element_type=\"column\" data-e-type=\"column\">\n\t\t\t<div class=\"elementor-widget-wrap elementor-element-populated\">\n\t\t\t\t\t\t<section class=\"elementor-section elementor-inner-section elementor-element elementor-element-558538a1 elementor-section-full_width elementor-section-height-default elementor-section-height-default\" data-id=\"558538a1\" data-element_type=\"section\" data-e-type=\"section\">\n\t\t\t\t\t\t<div class=\"elementor-container elementor-column-gap-default\">\n\t\t\t\t\t<div class=\"elementor-column elementor-col-50 elementor-inner-column elementor-element elementor-element-1fcb8d19\" data-id=\"1fcb8d19\" data-element_type=\"column\" data-e-type=\"column\">\n\t\t\t<div class=\"elementor-widget-wrap elementor-element-populated\">\n\t\t\t\t\t\t<div class=\"elementor-element elementor-element-6b39c4ec elementor-widget elementor-widget-elementskit-heading\" data-id=\"6b39c4ec\" data-element_type=\"widget\" data-e-type=\"widget\" data-widget_type=\"elementskit-heading.default\">\n\t\t\t\t<div class=\"elementor-widget-container\">\n\t\t\t\t\t<div class=\"ekit-wid-con\" ><div class=\"ekit-heading elementskit-section-title-wraper text_left   ekit_heading_tablet-   ekit_heading_mobile-\"><h2 class=\"ekit-heading--title elementskit-section-title\">New Routes <span><span>ile ortakl\u0131k yapmak ister misiniz?<\/span><\/span><\/h2><\/div><\/div>\t\t\t\t<\/div>\n\t\t\t\t<\/div>\n\t\t\t\t\t<\/div>\n\t\t<\/div>\n\t\t\t\t<div class=\"elementor-column elementor-col-50 elementor-inner-column elementor-element elementor-element-1c3fcd17\" data-id=\"1c3fcd17\" data-element_type=\"column\" data-e-type=\"column\">\n\t\t\t<div class=\"elementor-widget-wrap elementor-element-populated\">\n\t\t\t\t\t\t<div class=\"elementor-element elementor-element-59865209 elementor-align-left elementor-align--mobilecenter elementor-widget elementor-widget-elementskit-button\" data-id=\"59865209\" data-element_type=\"widget\" data-e-type=\"widget\" data-widget_type=\"elementskit-button.default\">\n\t\t\t\t<div class=\"elementor-widget-container\">\n\t\t\t\t\t<div class=\"ekit-wid-con\" >\t\t<div class=\"ekit-btn-wraper\">\n\t\t\t\t\t\t\t<a href=\"https:\/\/nreduconsult.com.tr\/tr\/lets-contact-you\/\" class=\"elementskit-btn  whitespace--normal\" id=\"\">\n\t\t\t\t\tBizimle ileti\u015fime ge\u00e7in\t\t\t\t<\/a>\n\t\t\t\t\t<\/div>\n        <\/div>\t\t\t\t<\/div>\n\t\t\t\t<\/div>\n\t\t\t\t\t<\/div>\n\t\t<\/div>\n\t\t\t\t\t<\/div>\n\t\t<\/section>\n\t\t\t\t\t<\/div>\n\t\t<\/div>\n\t\t\t\t\t<\/div>\n\t\t<\/section>\n\t\t\t\t<\/div>","protected":false},"excerpt":{"rendered":"<p>Partner With Us Bringing 10+ years of seasoned expertise to Education Consulting, we possess an in-depth understanding of the intricacies involved in guiding educational journeys. \u00a0 Partner With New Routes At New Routes, we are passionate about our mission to inspire and support students in unlocking their full potential through quality education. To achieve this&#8230;<\/p>","protected":false},"author":1,"featured_media":0,"parent":0,"menu_order":0,"comment_status":"closed","ping_status":"closed","template":"","meta":{"om_disable_all_campaigns":false,"_monsterinsights_skip_tracking":false,"_monsterinsights_sitenote_active":false,"_monsterinsights_sitenote_note":"","_monsterinsights_sitenote_category":0,"footnotes":""},"class_list":["post-9267","page","type-page","status-publish","hentry"],"aioseo_notices":[],"_links":{"self":[{"href":"https:\/\/nreduconsult.com.tr\/tr\/wp-json\/wp\/v2\/pages\/9267","targetHints":{"allow":["GET"]}}],"collection":[{"href":"https:\/\/nreduconsult.com.tr\/tr\/wp-json\/wp\/v2\/pages"}],"about":[{"href":"https:\/\/nreduconsult.com.tr\/tr\/wp-json\/wp\/v2\/types\/page"}],"author":[{"embeddable":true,"href":"https:\/\/nreduconsult.com.tr\/tr\/wp-json\/wp\/v2\/users\/1"}],"replies":[{"embeddable":true,"href":"https:\/\/nreduconsult.com.tr\/tr\/wp-json\/wp\/v2\/comments?post=9267"}],"version-history":[{"count":16,"href":"https:\/\/nreduconsult.com.tr\/tr\/wp-json\/wp\/v2\/pages\/9267\/revisions"}],"predecessor-version":[{"id":9297,"href":"https:\/\/nreduconsult.com.tr\/tr\/wp-json\/wp\/v2\/pages\/9267\/revisions\/9297"}],"wp:attachment":[{"href":"https:\/\/nreduconsult.com.tr\/tr\/wp-json\/wp\/v2\/media?parent=9267"}],"curies":[{"name":"wp","href":"https:\/\/api.w.org\/{rel}","templated":true}]}}