{"id":9071,"date":"2023-08-27T14:40:49","date_gmt":"2023-08-27T11:40:49","guid":{"rendered":"https:\/\/nreduconsult.com.tr\/?page_id=9071"},"modified":"2023-08-27T15:19:44","modified_gmt":"2023-08-27T12:19:44","slug":"lets-contact-you","status":"publish","type":"page","link":"https:\/\/nreduconsult.com.tr\/tr\/lets-contact-you\/","title":{"rendered":"Let&#8217;s Contact You"},"content":{"rendered":"\t\t<div data-elementor-type=\"wp-page\" data-elementor-id=\"9071\" class=\"elementor elementor-9071\">\n\t\t\t\t\t\t<section class=\"elementor-section elementor-top-section elementor-element elementor-element-70fde8a elementor-section-stretched elementor-section-boxed elementor-section-height-default elementor-section-height-default\" data-id=\"70fde8a\" data-element_type=\"section\" data-e-type=\"section\" data-settings=\"{&quot;stretch_section&quot;:&quot;section-stretched&quot;,&quot;background_background&quot;:&quot;classic&quot;}\">\n\t\t\t\t\t\t\t<div class=\"elementor-background-overlay\"><\/div>\n\t\t\t\t\t\t\t<div class=\"elementor-container elementor-column-gap-default\">\n\t\t\t\t\t<div class=\"elementor-column elementor-col-50 elementor-top-column elementor-element elementor-element-bb94aa4\" data-id=\"bb94aa4\" data-element_type=\"column\" data-e-type=\"column\">\n\t\t\t<div class=\"elementor-widget-wrap elementor-element-populated\">\n\t\t\t\t\t\t<div class=\"elementor-element elementor-element-cf2c420 elementor-widget elementor-widget-rs-breadcrumb\" data-id=\"cf2c420\" data-element_type=\"widget\" data-e-type=\"widget\" data-widget_type=\"rs-breadcrumb.default\">\n\t\t\t\t<div class=\"elementor-widget-container\">\n\t\t\t\t\t          \n    \t\t\t\t<\/div>\n\t\t\t\t<\/div>\n\t\t\t\t<div class=\"elementor-element elementor-element-6696262 elementor-widget elementor-widget-rs-heading\" data-id=\"6696262\" data-element_type=\"widget\" data-e-type=\"widget\" data-widget_type=\"rs-heading.default\">\n\t\t\t\t<div class=\"elementor-widget-container\">\n\t\t\t\t\t\n        <div class=\"prelements-heading default animate- \">\n\n\n\n        \t<div class=\"title-inner\">        \t\t      \t\t\n\t            <h2 class=\"title\"><span class=\"watermark\"><\/span>Let's Contact You<\/h2>\t\t\t\t\n\t\t\t\t\t        <\/div>\n\t                    \t<div class=\"description\">\n            \t\t            \t\t<p>Bringing 10+ years of seasoned expertise to Education Consulting, we possess an in-depth understanding of the intricacies involved in guiding educational journeys.<\/p>  \n            \t<\/div>\n        \t        <\/div>\n        \t\t\t\t<\/div>\n\t\t\t\t<\/div>\n\t\t\t\t\t<\/div>\n\t\t<\/div>\n\t\t\t\t<div class=\"elementor-column elementor-col-50 elementor-top-column elementor-element elementor-element-0bb05f4\" data-id=\"0bb05f4\" data-element_type=\"column\" data-e-type=\"column\">\n\t\t\t<div class=\"elementor-widget-wrap\">\n\t\t\t\t\t\t\t<\/div>\n\t\t<\/div>\n\t\t\t\t\t<\/div>\n\t\t<\/section>\n\t\t\t\t<section class=\"elementor-section elementor-top-section elementor-element elementor-element-6eb63d7 elementor-section-boxed elementor-section-height-default elementor-section-height-default\" data-id=\"6eb63d7\" data-element_type=\"section\" data-e-type=\"section\">\n\t\t\t\t\t\t<div class=\"elementor-container elementor-column-gap-default\">\n\t\t\t\t\t<div class=\"elementor-column elementor-col-100 elementor-top-column elementor-element elementor-element-bed33e6\" data-id=\"bed33e6\" data-element_type=\"column\" data-e-type=\"column\">\n\t\t\t<div class=\"elementor-widget-wrap elementor-element-populated\">\n\t\t\t\t\t\t<div class=\"elementor-element elementor-element-4384a02 elementor-widget elementor-widget-rs-heading\" data-id=\"4384a02\" data-element_type=\"widget\" data-e-type=\"widget\" data-widget_type=\"rs-heading.default\">\n\t\t\t\t<div class=\"elementor-widget-container\">\n\t\t\t\t\t\n        <div class=\"prelements-heading default animate- \">\n\n\n\n        \t<div class=\"title-inner\">        \t\t      \t\t\n\t            <h2 class=\"title\"><span class=\"watermark\"><\/span>Start Your Educational Journey with Us<\/h2>\t\t\t\t\n\t\t\t\t\t        <\/div>\n\t                    \t<div class=\"description\">\n            \t\t            \t\t<p>\u00a0<\/p><div id=\"mttContainer\" class=\"bootstrapiso notranslate\" title=\"\" data-html=\"true\" data-original-title=\"\">\u00a0<\/div>  \n            \t<\/div>\n        \t        <\/div>\n        \t\t\t\t<\/div>\n\t\t\t\t<\/div>\n\t\t\t\t\t<\/div>\n\t\t<\/div>\n\t\t\t\t\t<\/div>\n\t\t<\/section>\n\t\t\t\t<section class=\"elementor-section elementor-top-section elementor-element elementor-element-446f450 elementor-section-stretched elementor-section-boxed elementor-section-height-default elementor-section-height-default\" data-id=\"446f450\" data-element_type=\"section\" data-e-type=\"section\" data-settings=\"{&quot;stretch_section&quot;:&quot;section-stretched&quot;}\">\n\t\t\t\t\t\t<div class=\"elementor-container elementor-column-gap-default\">\n\t\t\t\t\t<div class=\"elementor-column elementor-col-100 elementor-top-column elementor-element elementor-element-c8cf98b\" data-id=\"c8cf98b\" data-element_type=\"column\" data-e-type=\"column\">\n\t\t\t<div class=\"elementor-widget-wrap elementor-element-populated\">\n\t\t\t\t\t\t<div class=\"elementor-element elementor-element-fae706a elementor-widget elementor-widget-shortcode\" data-id=\"fae706a\" data-element_type=\"widget\" data-e-type=\"widget\" data-widget_type=\"shortcode.default\">\n\t\t\t\t<div class=\"elementor-widget-container\">\n\t\t\t\t\t\t\t<div class=\"elementor-shortcode\"><style id=\"wpforms-css-vars-9156\">\n\t\t\t\t#wpforms-9156 {\n\t\t\t\t\n\t\t\t}\n\t\t\t<\/style><div class=\"wpforms-container wpforms-container-full wpforms-render-modern\" id=\"wpforms-9156\"><form id=\"wpforms-form-9156\" class=\"wpforms-validate wpforms-form wpforms-ajax-form\" data-formid=\"9156\" method=\"post\" enctype=\"multipart\/form-data\" action=\"\/tr\/wp-json\/wp\/v2\/pages\/9071\" data-token=\"a220ef1f8ba577a35a495a85c5e781a9\" data-token-time=\"1776848504\"><noscript class=\"wpforms-error-noscript\">Bu formu bitirebilmek i\u00e7in taray\u0131c\u0131n\u0131zda JavaScript&#039;i etkinle\u015ftirin.<\/noscript><div id=\"wpforms-error-noscript\" style=\"display: none;\">Bu formu bitirebilmek i\u00e7in taray\u0131c\u0131n\u0131zda JavaScript&#039;i etkinle\u015ftirin.<\/div><div class=\"wpforms-field-container\"><div id=\"wpforms-9156-field_1-container\" class=\"wpforms-field wpforms-field-name\" data-field-id=\"1\"><fieldset><legend class=\"wpforms-field-label\">Name <span class=\"wpforms-required-label\" aria-hidden=\"true\">*<\/span><\/legend><div class=\"wpforms-field-row wpforms-field-medium\"><div class=\"wpforms-field-row-block wpforms-first wpforms-one-half\"><input type=\"text\" id=\"wpforms-9156-field_1\" class=\"wpforms-field-name-first wpforms-field-required\" name=\"wpforms[fields][1][first]\" aria-errormessage=\"wpforms-9156-field_1-error\" required><label for=\"wpforms-9156-field_1\" class=\"wpforms-field-sublabel after\">Ad<\/label><\/div><div class=\"wpforms-field-row-block wpforms-one-half\"><input type=\"text\" id=\"wpforms-9156-field_1-last\" class=\"wpforms-field-name-last wpforms-field-required\" name=\"wpforms[fields][1][last]\" aria-errormessage=\"wpforms-9156-field_1-last-error\" required><label for=\"wpforms-9156-field_1-last\" class=\"wpforms-field-sublabel after\">Soyad<\/label><\/div><\/div><\/fieldset><\/div><div id=\"wpforms-9156-field_53-container\" class=\"wpforms-field wpforms-field-radio\" data-field-id=\"53\"><fieldset><legend class=\"wpforms-field-label\">Gender<\/legend><ul id=\"wpforms-9156-field_53\"><li class=\"choice-1 depth-1\"><input type=\"radio\" id=\"wpforms-9156-field_53_1\" name=\"wpforms[fields][53]\" value=\"Male\" aria-errormessage=\"wpforms-9156-field_53_1-error\"  ><label class=\"wpforms-field-label-inline\" for=\"wpforms-9156-field_53_1\">Male<\/label><\/li><li class=\"choice-2 depth-1\"><input type=\"radio\" id=\"wpforms-9156-field_53_2\" name=\"wpforms[fields][53]\" value=\"Female\" aria-errormessage=\"wpforms-9156-field_53_2-error\"  ><label class=\"wpforms-field-label-inline\" for=\"wpforms-9156-field_53_2\">Female<\/label><\/li><\/ul><\/fieldset><\/div><div id=\"wpforms-9156-field_2-container\" class=\"wpforms-field wpforms-field-email\" data-field-id=\"2\"><label class=\"wpforms-field-label\" for=\"wpforms-9156-field_2\">Email <span class=\"wpforms-required-label\" aria-hidden=\"true\">*<\/span><\/label><input type=\"email\" id=\"wpforms-9156-field_2\" class=\"wpforms-field-medium wpforms-field-required\" name=\"wpforms[fields][2]\" spellcheck=\"false\" aria-errormessage=\"wpforms-9156-field_2-error\" required><\/div><div id=\"wpforms-9156-field_46-container\" class=\"wpforms-field wpforms-field-text\" data-field-id=\"46\"><label class=\"wpforms-field-label\" for=\"wpforms-9156-field_46\">Phone Number <span class=\"wpforms-required-label\" aria-hidden=\"true\">*<\/span><\/label><input type=\"text\" id=\"wpforms-9156-field_46\" class=\"wpforms-field-medium wpforms-field-required\" name=\"wpforms[fields][46]\" aria-errormessage=\"wpforms-9156-field_46-error\" required><\/div><div id=\"wpforms-9156-field_56-container\" class=\"wpforms-field wpforms-field-text\" data-field-id=\"56\"><label class=\"wpforms-field-label\" for=\"wpforms-9156-field_56\"> Name(s) Of Institution(s)<\/label><input type=\"text\" id=\"wpforms-9156-field_56\" class=\"wpforms-field-medium\" name=\"wpforms[fields][56]\" aria-errormessage=\"wpforms-9156-field_56-error\" ><\/div><div id=\"wpforms-9156-field_47-container\" class=\"wpforms-field wpforms-field-text\" data-field-id=\"47\"><label class=\"wpforms-field-label\" for=\"wpforms-9156-field_47\">Address <span class=\"wpforms-required-label\" aria-hidden=\"true\">*<\/span><\/label><input type=\"text\" id=\"wpforms-9156-field_47\" class=\"wpforms-field-medium wpforms-field-required\" name=\"wpforms[fields][47]\" placeholder=\"Address \" aria-errormessage=\"wpforms-9156-field_47-error\" required><\/div><div id=\"wpforms-9156-field_57-container\" class=\"wpforms-field wpforms-field-checkbox\" data-field-id=\"57\"><fieldset><legend class=\"wpforms-field-label\">Preferred Program(s) <span class=\"wpforms-required-label\" aria-hidden=\"true\">*<\/span><\/legend><ul id=\"wpforms-9156-field_57\" class=\"wpforms-field-required\"><li class=\"choice-1 depth-1\"><input type=\"checkbox\" id=\"wpforms-9156-field_57_1\" name=\"wpforms[fields][57][]\" value=\"Study Abroad and Scholarship Opportunities\" aria-errormessage=\"wpforms-9156-field_57_1-error\" required ><label class=\"wpforms-field-label-inline\" for=\"wpforms-9156-field_57_1\">Study Abroad and Scholarship Opportunities<\/label><\/li><li class=\"choice-2 depth-1\"><input type=\"checkbox\" id=\"wpforms-9156-field_57_2\" name=\"wpforms[fields][57][]\" value=\"Pre-college Programs Abroad\" aria-errormessage=\"wpforms-9156-field_57_2-error\" required ><label class=\"wpforms-field-label-inline\" for=\"wpforms-9156-field_57_2\">Pre-college Programs Abroad<\/label><\/li><li class=\"choice-3 depth-1\"><input type=\"checkbox\" id=\"wpforms-9156-field_57_3\" name=\"wpforms[fields][57][]\" value=\"Summer Language School Abroad\" aria-errormessage=\"wpforms-9156-field_57_3-error\" required ><label class=\"wpforms-field-label-inline\" for=\"wpforms-9156-field_57_3\">Summer Language School Abroad<\/label><\/li><li class=\"choice-4 depth-1\"><input type=\"checkbox\" id=\"wpforms-9156-field_57_4\" name=\"wpforms[fields][57][]\" value=\"Internship Programs Abroad\" aria-errormessage=\"wpforms-9156-field_57_4-error\" required ><label class=\"wpforms-field-label-inline\" for=\"wpforms-9156-field_57_4\">Internship Programs Abroad<\/label><\/li><li class=\"choice-5 depth-1\"><input type=\"checkbox\" id=\"wpforms-9156-field_57_5\" name=\"wpforms[fields][57][]\" value=\"NR Afro Edu-tour\" aria-errormessage=\"wpforms-9156-field_57_5-error\" required ><label class=\"wpforms-field-label-inline\" for=\"wpforms-9156-field_57_5\">NR Afro Edu-tour<\/label><\/li><li class=\"choice-6 depth-1\"><input type=\"checkbox\" id=\"wpforms-9156-field_57_6\" name=\"wpforms[fields][57][]\" value=\"English Language Curriculum Development\" aria-errormessage=\"wpforms-9156-field_57_6-error\" required ><label class=\"wpforms-field-label-inline\" for=\"wpforms-9156-field_57_6\">English Language Curriculum Development<\/label><\/li><li class=\"choice-7 depth-1\"><input type=\"checkbox\" id=\"wpforms-9156-field_57_7\" name=\"wpforms[fields][57][]\" value=\"Workshops and Training\" aria-errormessage=\"wpforms-9156-field_57_7-error\" required ><label class=\"wpforms-field-label-inline\" for=\"wpforms-9156-field_57_7\">Workshops and Training<\/label><\/li><li class=\"choice-8 depth-1\"><input type=\"checkbox\" id=\"wpforms-9156-field_57_8\" name=\"wpforms[fields][57][]\" value=\"Jobs Abroad\" aria-errormessage=\"wpforms-9156-field_57_8-error\" required ><label class=\"wpforms-field-label-inline\" for=\"wpforms-9156-field_57_8\">Jobs Abroad<\/label><\/li><li class=\"choice-9 depth-1\"><input type=\"checkbox\" id=\"wpforms-9156-field_57_9\" name=\"wpforms[fields][57][]\" value=\"Pre-University Camping Program\" aria-errormessage=\"wpforms-9156-field_57_9-error\" required ><label class=\"wpforms-field-label-inline\" for=\"wpforms-9156-field_57_9\">Pre-University Camping Program<\/label><\/li><\/ul><\/fieldset><\/div><div id=\"wpforms-9156-field_59-container\" class=\"wpforms-field wpforms-field-textarea\" data-field-id=\"59\"><label class=\"wpforms-field-label\" for=\"wpforms-9156-field_59\">Any Thing You Would Like Us To Know?<\/label><textarea id=\"wpforms-9156-field_59\" class=\"wpforms-field-medium\" name=\"wpforms[fields][59]\" aria-errormessage=\"wpforms-9156-field_59-error\" ><\/textarea><\/div><div id=\"wpforms-9156-field_58-container\" class=\"wpforms-field wpforms-field-gdpr-checkbox\" data-field-id=\"58\"><label class=\"wpforms-field-label\">GDPR Agreement <span class=\"wpforms-required-label\" aria-hidden=\"true\">*<\/span><\/label><ul id=\"wpforms-9156-field_58\" class=\"wpforms-field-required\"><li class=\"choice-1\"><input type=\"checkbox\" id=\"wpforms-9156-field_58_1\" name=\"wpforms[fields][58][]\" value=\"I consent to New Routes Educational Consult storing my submitted information to facilitate a response to my inquiry.\" aria-errormessage=\"wpforms-9156-field_58_1-error\" required ><label class=\"wpforms-field-label-inline\" for=\"wpforms-9156-field_58_1\">I consent to New Routes Educational Consult storing my submitted information to facilitate a response to my inquiry.<\/label><\/li><\/ul><\/div><\/div><!-- .wpforms-field-container --><div class=\"wpforms-submit-container\" ><input type=\"hidden\" name=\"wpforms[id]\" value=\"9156\"><input type=\"hidden\" name=\"page_title\" value=\"\"><input type=\"hidden\" name=\"page_url\" value=\"https:\/\/nreduconsult.com.tr\/tr\/wp-json\/wp\/v2\/pages\/9071\"><input type=\"hidden\" name=\"url_referer\" value=\"\"><button type=\"submit\" name=\"wpforms[submit]\" id=\"wpforms-submit-9156\" class=\"wpforms-submit\" data-alt-text=\"Sending...\" data-submit-text=\"Submit\" aria-live=\"assertive\" value=\"wpforms-submit\">Submit<\/button><img decoding=\"async\" src=\"https:\/\/nreduconsult.com.tr\/wp-content\/plugins\/wpforms-lite\/assets\/images\/submit-spin.svg\" class=\"wpforms-submit-spinner\" style=\"display: none;\" width=\"26\" height=\"26\" alt=\"Y\u00fckleniyor\"><\/div><\/form><\/div>  <!-- .wpforms-container --><\/div>\n\t\t\t\t\t\t<\/div>\n\t\t\t\t<\/div>\n\t\t\t\t\t<\/div>\n\t\t<\/div>\n\t\t\t\t\t<\/div>\n\t\t<\/section>\n\t\t\t\t<\/div>\n\t\t","protected":false},"excerpt":{"rendered":"<p>Let&#8217;s Contact You Bringing 10+ years of seasoned expertise to Education Consulting, we possess an in-depth understanding of the intricacies involved in guiding educational journeys. Start Your Educational Journey with Us \u00a0 \u00a0<\/p>","protected":false},"author":1,"featured_media":0,"parent":0,"menu_order":0,"comment_status":"closed","ping_status":"closed","template":"","meta":{"om_disable_all_campaigns":false,"_monsterinsights_skip_tracking":false,"_monsterinsights_sitenote_active":false,"_monsterinsights_sitenote_note":"","_monsterinsights_sitenote_category":0,"footnotes":""},"class_list":["post-9071","page","type-page","status-publish","hentry"],"aioseo_notices":[],"_links":{"self":[{"href":"https:\/\/nreduconsult.com.tr\/tr\/wp-json\/wp\/v2\/pages\/9071","targetHints":{"allow":["GET"]}}],"collection":[{"href":"https:\/\/nreduconsult.com.tr\/tr\/wp-json\/wp\/v2\/pages"}],"about":[{"href":"https:\/\/nreduconsult.com.tr\/tr\/wp-json\/wp\/v2\/types\/page"}],"author":[{"embeddable":true,"href":"https:\/\/nreduconsult.com.tr\/tr\/wp-json\/wp\/v2\/users\/1"}],"replies":[{"embeddable":true,"href":"https:\/\/nreduconsult.com.tr\/tr\/wp-json\/wp\/v2\/comments?post=9071"}],"version-history":[{"count":13,"href":"https:\/\/nreduconsult.com.tr\/tr\/wp-json\/wp\/v2\/pages\/9071\/revisions"}],"predecessor-version":[{"id":9189,"href":"https:\/\/nreduconsult.com.tr\/tr\/wp-json\/wp\/v2\/pages\/9071\/revisions\/9189"}],"wp:attachment":[{"href":"https:\/\/nreduconsult.com.tr\/tr\/wp-json\/wp\/v2\/media?parent=9071"}],"curies":[{"name":"wp","href":"https:\/\/api.w.org\/{rel}","templated":true}]}}