{"id":8720,"date":"2023-08-22T17:43:46","date_gmt":"2023-08-22T14:43:46","guid":{"rendered":"https:\/\/nreduconsult.com.tr\/?page_id=8720"},"modified":"2024-08-22T16:02:35","modified_gmt":"2024-08-22T13:02:35","slug":"press","status":"publish","type":"page","link":"https:\/\/nreduconsult.com.tr\/tr\/our-publications\/press\/","title":{"rendered":"Bas\u0131n"},"content":{"rendered":"<div data-elementor-type=\"wp-page\" data-elementor-id=\"8720\" class=\"elementor elementor-8720\">\n\t\t\t\t\t\t<section class=\"elementor-section elementor-top-section elementor-element elementor-element-945eba2 elementor-section-stretched elementor-section-boxed elementor-section-height-default elementor-section-height-default\" data-id=\"945eba2\" data-element_type=\"section\" data-e-type=\"section\" data-settings=\"{&quot;stretch_section&quot;:&quot;section-stretched&quot;,&quot;background_background&quot;:&quot;classic&quot;}\">\n\t\t\t\t\t\t\t<div class=\"elementor-background-overlay\"><\/div>\n\t\t\t\t\t\t\t<div class=\"elementor-container elementor-column-gap-default\">\n\t\t\t\t\t<div class=\"elementor-column elementor-col-50 elementor-top-column elementor-element elementor-element-f4f6b9a\" data-id=\"f4f6b9a\" data-element_type=\"column\" data-e-type=\"column\">\n\t\t\t<div class=\"elementor-widget-wrap elementor-element-populated\">\n\t\t\t\t\t\t<div class=\"elementor-element elementor-element-2f7e629 elementor-widget elementor-widget-rs-breadcrumb\" data-id=\"2f7e629\" data-element_type=\"widget\" data-e-type=\"widget\" data-widget_type=\"rs-breadcrumb.default\">\n\t\t\t\t<div class=\"elementor-widget-container\">\n\t\t\t\t\t          \n    \t\t\t\t<\/div>\n\t\t\t\t<\/div>\n\t\t\t\t<div class=\"elementor-element elementor-element-c57d043 elementor-widget elementor-widget-rs-heading\" data-id=\"c57d043\" data-element_type=\"widget\" data-e-type=\"widget\" data-widget_type=\"rs-heading.default\">\n\t\t\t\t<div class=\"elementor-widget-container\">\n\t\t\t\t\t\n        <div class=\"prelements-heading default animate-\">\n\n\n\n        \t<div class=\"title-inner\">        \t\t      \t\t\n\t            <h2 class=\"title\"><span class=\"watermark\"><\/span>Bas\u0131n<\/h2>\t\t\t\t\n\t\t\t\t\t        <\/div>\n\t                    \t<div class=\"description\">\n            \t\t            \t\t<p>E\u011fitim Dan\u0131\u015fmanl\u0131\u011f\u0131'na 10 y\u0131l\u0131 a\u015fk\u0131n s\u00fcredir kazand\u0131\u011f\u0131m\u0131z deneyimle, e\u011fitim yolculuklar\u0131n\u0131 y\u00f6nlendirmede ortaya \u00e7\u0131kan incelikleri derinlemesine anlay\u0131\u015fla ele al\u0131yoruz.<\/p>  \n            \t<\/div>\n        \t        <\/div>\n        \t\t\t\t<\/div>\n\t\t\t\t<\/div>\n\t\t\t\t\t<\/div>\n\t\t<\/div>\n\t\t\t\t<div class=\"elementor-column elementor-col-50 elementor-top-column elementor-element elementor-element-e972340 elementor-hidden-mobile\" data-id=\"e972340\" data-element_type=\"column\" data-e-type=\"column\">\n\t\t\t<div class=\"elementor-widget-wrap\">\n\t\t\t\t\t\t\t<\/div>\n\t\t<\/div>\n\t\t\t\t\t<\/div>\n\t\t<\/section>\n\t\t\t\t<section class=\"elementor-section elementor-top-section elementor-element elementor-element-50efa8a3 elementor-section-stretched elementor-section-boxed elementor-section-height-default elementor-section-height-default\" data-id=\"50efa8a3\" data-element_type=\"section\" data-e-type=\"section\" id=\"xs_blog_dark_full_grid_2\" data-settings=\"{&quot;stretch_section&quot;:&quot;section-stretched&quot;}\">\n\t\t\t\t\t\t<div class=\"elementor-container elementor-column-gap-default\">\n\t\t\t\t\t<div class=\"elementor-column elementor-col-100 elementor-top-column elementor-element elementor-element-31259946\" data-id=\"31259946\" data-element_type=\"column\" data-e-type=\"column\">\n\t\t\t<div class=\"elementor-widget-wrap elementor-element-populated\">\n\t\t\t\t\t\t<div class=\"elementor-element elementor-element-df44e84 elementor-widget elementor-widget-rs-heading\" data-id=\"df44e84\" data-element_type=\"widget\" data-e-type=\"widget\" data-widget_type=\"rs-heading.default\">\n\t\t\t\t<div class=\"elementor-widget-container\">\n\t\t\t\t\t\n        <div class=\"prelements-heading default animate-\">\n\n\n\n        \t<div class=\"title-inner\">        \t\t      \t\t\n\t            <span class=\"sub-text\">Bas\u0131n<\/span><h2 class=\"title\"><span class=\"watermark\"><\/span>Explore our Press Page<\/h2>\t\t\t\t\n\t\t\t\t\t        <\/div>\n\t                    \t<div class=\"description\">\n            \t\t            \t\t<div id=\"mttContainer\" class=\"bootstrapiso notranslate\" title=\"\" data-html=\"true\" data-original-title=\"\">\u00a0<\/div><div id=\"mttContainer\" class=\"bootstrapiso notranslate\" title=\"\" data-html=\"true\" data-original-title=\"\">\u00a0<\/div>  \n            \t<\/div>\n        \t        <\/div>\n        \t\t\t\t<\/div>\n\t\t\t\t<\/div>\n\t\t\t\t<div class=\"elementor-element elementor-element-5cdc3284 elementor-widget elementor-widget-elementskit-blog-posts\" data-id=\"5cdc3284\" data-element_type=\"widget\" data-e-type=\"widget\" data-widget_type=\"elementskit-blog-posts.default\">\n\t\t\t\t<div class=\"elementor-widget-container\">\n\t\t\t\t\t<div class=\"ekit-wid-con\" >        <div id=\"post-items--5cdc3284\" class=\"row post-items\">\n                <\/div>\n       <\/div>\t\t\t\t<\/div>\n\t\t\t\t<\/div>\n\t\t\t\t\t<\/div>\n\t\t<\/div>\n\t\t\t\t\t<\/div>\n\t\t<\/section>\n\t\t\t\t<section class=\"elementor-section elementor-top-section elementor-element elementor-element-2e10858 elementor-section-boxed elementor-section-height-default elementor-section-height-default\" data-id=\"2e10858\" data-element_type=\"section\" data-e-type=\"section\">\n\t\t\t\t\t\t<div class=\"elementor-container elementor-column-gap-default\">\n\t\t\t\t\t<div class=\"elementor-column elementor-col-100 elementor-top-column elementor-element elementor-element-3b27c59\" data-id=\"3b27c59\" data-element_type=\"column\" data-e-type=\"column\">\n\t\t\t<div class=\"elementor-widget-wrap elementor-element-populated\">\n\t\t\t\t\t\t<div class=\"elementor-element elementor-element-74959d5 elementor-widget elementor-widget-heading\" data-id=\"74959d5\" data-element_type=\"widget\" data-e-type=\"widget\" data-widget_type=\"heading.default\">\n\t\t\t\t<div class=\"elementor-widget-container\">\n\t\t\t\t\t<h2 class=\"elementor-heading-title elementor-size-default\">Ten Best Universities For Engineering Degrees 2024<\/h2>\t\t\t\t<\/div>\n\t\t\t\t<\/div>\n\t\t\t\t<div class=\"elementor-element elementor-element-2517dc4 elementor-widget elementor-widget-text-editor\" data-id=\"2517dc4\" data-element_type=\"widget\" data-e-type=\"widget\" data-widget_type=\"text-editor.default\">\n\t\t\t\t<div class=\"elementor-widget-container\">\n\t\t\t\t\t\t\t\t\t<p>The following universities have been named as the 10 best for Engineering Programs:<\/p>\n<ol>\n<li>&nbsp;Harvard University<\/li><li>Stanford University,<\/li><li>Massachusetts Institute of Technology<\/li><li>University of Oxford<\/li><li>University of Cambridge<\/li><li>University of California, Berkeley<\/li><li>California Institute of Technology<\/li><li>Princeton University<\/li><li>National University of Singapore<\/li><li>Imperial College London<\/li>\n<\/ol>\t\t\t\t\t\t\t\t<\/div>\n\t\t\t\t<\/div>\n\t\t\t\t\t<\/div>\n\t\t<\/div>\n\t\t\t\t\t<\/div>\n\t\t<\/section>\n\t\t\t\t<\/div>","protected":false},"excerpt":{"rendered":"<p>Press Bringing 10+ years of seasoned expertise to Education Consulting, we possess an in-depth understanding of the intricacies involved in guiding educational journeys. Press Explore our Press Page \u00a0\u00a0 Ten Best Universities For Engineering Degrees 2024 The following universities have been named as the 10 best for Engineering Programs: &nbsp;Harvard University Stanford University, Massachusetts Institute&#8230;<\/p>","protected":false},"author":1,"featured_media":0,"parent":7848,"menu_order":0,"comment_status":"closed","ping_status":"closed","template":"","meta":{"om_disable_all_campaigns":false,"_monsterinsights_skip_tracking":false,"_monsterinsights_sitenote_active":false,"_monsterinsights_sitenote_note":"","_monsterinsights_sitenote_category":0,"footnotes":""},"class_list":["post-8720","page","type-page","status-publish","hentry"],"aioseo_notices":[],"_links":{"self":[{"href":"https:\/\/nreduconsult.com.tr\/tr\/wp-json\/wp\/v2\/pages\/8720","targetHints":{"allow":["GET"]}}],"collection":[{"href":"https:\/\/nreduconsult.com.tr\/tr\/wp-json\/wp\/v2\/pages"}],"about":[{"href":"https:\/\/nreduconsult.com.tr\/tr\/wp-json\/wp\/v2\/types\/page"}],"author":[{"embeddable":true,"href":"https:\/\/nreduconsult.com.tr\/tr\/wp-json\/wp\/v2\/users\/1"}],"replies":[{"embeddable":true,"href":"https:\/\/nreduconsult.com.tr\/tr\/wp-json\/wp\/v2\/comments?post=8720"}],"version-history":[{"count":13,"href":"https:\/\/nreduconsult.com.tr\/tr\/wp-json\/wp\/v2\/pages\/8720\/revisions"}],"predecessor-version":[{"id":9514,"href":"https:\/\/nreduconsult.com.tr\/tr\/wp-json\/wp\/v2\/pages\/8720\/revisions\/9514"}],"up":[{"embeddable":true,"href":"https:\/\/nreduconsult.com.tr\/tr\/wp-json\/wp\/v2\/pages\/7848"}],"wp:attachment":[{"href":"https:\/\/nreduconsult.com.tr\/tr\/wp-json\/wp\/v2\/media?parent=8720"}],"curies":[{"name":"wp","href":"https:\/\/api.w.org\/{rel}","templated":true}]}}