{"id":6073,"date":"2022-04-28T07:28:07","date_gmt":"2022-04-28T07:28:07","guid":{"rendered":"http:\/\/192.168.0.222\/fronbiz\/?page_id=6073"},"modified":"2023-11-14T01:36:25","modified_gmt":"2023-11-13T22:36:25","slug":"careers","status":"publish","type":"page","link":"https:\/\/nreduconsult.com.tr\/tr\/careers\/","title":{"rendered":"Kariyerler"},"content":{"rendered":"<div data-elementor-type=\"wp-page\" data-elementor-id=\"6073\" class=\"elementor elementor-6073\">\n\t\t\t\t\t\t<section class=\"elementor-section elementor-top-section elementor-element elementor-element-d89ca52 elementor-section-stretched elementor-section-boxed elementor-section-height-default elementor-section-height-default\" data-id=\"d89ca52\" data-element_type=\"section\" data-e-type=\"section\" data-settings=\"{&quot;stretch_section&quot;:&quot;section-stretched&quot;,&quot;background_background&quot;:&quot;classic&quot;}\">\n\t\t\t\t\t\t<div class=\"elementor-container elementor-column-gap-default\">\n\t\t\t\t\t<div class=\"elementor-column elementor-col-50 elementor-top-column elementor-element elementor-element-bdb9069\" data-id=\"bdb9069\" data-element_type=\"column\" data-e-type=\"column\">\n\t\t\t<div class=\"elementor-widget-wrap elementor-element-populated\">\n\t\t\t\t\t\t<div class=\"elementor-element elementor-element-4e80200 elementor-widget elementor-widget-rs-breadcrumb\" data-id=\"4e80200\" data-element_type=\"widget\" data-e-type=\"widget\" data-widget_type=\"rs-breadcrumb.default\">\n\t\t\t\t<div class=\"elementor-widget-container\">\n\t\t\t\t\t          \n    \t\t\t\t<\/div>\n\t\t\t\t<\/div>\n\t\t\t\t<div class=\"elementor-element elementor-element-5e47ae2 elementor-widget elementor-widget-rs-heading\" data-id=\"5e47ae2\" data-element_type=\"widget\" data-e-type=\"widget\" data-widget_type=\"rs-heading.default\">\n\t\t\t\t<div class=\"elementor-widget-container\">\n\t\t\t\t\t\n        <div class=\"prelements-heading default animate-\">\n\n\n\n        \t<div class=\"title-inner\">        \t\t      \t\t\n\t            <h2 class=\"title\"><span class=\"watermark\"><\/span>Kariyerler<\/h2>\t\t\t\t\n\t\t\t\t\t        <\/div>\n\t                    \t<div class=\"description\">\n            \t\t            \t\t<p>E\u011fitim Dan\u0131\u015fmanl\u0131\u011f\u0131'na 10 y\u0131l\u0131 a\u015fk\u0131n s\u00fcredir kazand\u0131\u011f\u0131m\u0131z deneyimle, e\u011fitim yolculuklar\u0131n\u0131 y\u00f6nlendirmede ortaya \u00e7\u0131kan incelikleri derinlemesine anlay\u0131\u015fla ele al\u0131yoruz.<\/p><div id=\"mttContainer\" class=\"bootstrapiso notranslate\" title=\"\" data-html=\"true\" data-original-title=\"\">\u00a0<\/div><div id=\"mttContainer\" class=\"bootstrapiso notranslate\" title=\"\" data-html=\"true\" data-original-title=\"\">\u00a0<\/div><div id=\"mttContainer\" class=\"bootstrapiso notranslate\" title=\"\" data-html=\"true\" data-original-title=\"\">\u00a0<\/div>  \n            \t<\/div>\n        \t        <\/div>\n        \t\t\t\t<\/div>\n\t\t\t\t<\/div>\n\t\t\t\t\t<\/div>\n\t\t<\/div>\n\t\t\t\t<div class=\"elementor-column elementor-col-50 elementor-top-column elementor-element elementor-element-0b9e509 elementor-hidden-mobile\" data-id=\"0b9e509\" data-element_type=\"column\" data-e-type=\"column\">\n\t\t\t<div class=\"elementor-widget-wrap\">\n\t\t\t\t\t\t\t<\/div>\n\t\t<\/div>\n\t\t\t\t\t<\/div>\n\t\t<\/section>\n\t\t\t\t<section class=\"elementor-section elementor-top-section elementor-element elementor-element-afe5553 elementor-section-boxed elementor-section-height-default elementor-section-height-default\" data-id=\"afe5553\" data-element_type=\"section\" data-e-type=\"section\">\n\t\t\t\t\t\t<div class=\"elementor-container elementor-column-gap-default\">\n\t\t\t\t\t<div class=\"elementor-column elementor-col-100 elementor-top-column elementor-element elementor-element-b8a583a\" data-id=\"b8a583a\" data-element_type=\"column\" data-e-type=\"column\">\n\t\t\t<div class=\"elementor-widget-wrap elementor-element-populated\">\n\t\t\t\t\t\t<div class=\"elementor-element elementor-element-e129f8a elementor-widget elementor-widget-spacer\" data-id=\"e129f8a\" data-element_type=\"widget\" data-e-type=\"widget\" data-widget_type=\"spacer.default\">\n\t\t\t\t<div class=\"elementor-widget-container\">\n\t\t\t\t\t\t\t<div class=\"elementor-spacer\">\n\t\t\t<div class=\"elementor-spacer-inner\"><\/div>\n\t\t<\/div>\n\t\t\t\t\t\t<\/div>\n\t\t\t\t<\/div>\n\t\t\t\t\t<\/div>\n\t\t<\/div>\n\t\t\t\t\t<\/div>\n\t\t<\/section>\n\t\t\t\t<section class=\"elementor-section elementor-top-section elementor-element elementor-element-b5a09b8 elementor-section-stretched elementor-section-boxed elementor-section-height-default elementor-section-height-default\" data-id=\"b5a09b8\" data-element_type=\"section\" data-e-type=\"section\" data-settings=\"{&quot;stretch_section&quot;:&quot;section-stretched&quot;}\">\n\t\t\t\t\t\t<div class=\"elementor-container elementor-column-gap-default\">\n\t\t\t\t\t<div class=\"elementor-column elementor-col-100 elementor-top-column elementor-element elementor-element-d0a3cc9\" data-id=\"d0a3cc9\" data-element_type=\"column\" data-e-type=\"column\">\n\t\t\t<div class=\"elementor-widget-wrap elementor-element-populated\">\n\t\t\t\t\t\t<div class=\"elementor-element elementor-element-f2a108d elementor-widget elementor-widget-rs-heading\" data-id=\"f2a108d\" data-element_type=\"widget\" data-e-type=\"widget\" data-widget_type=\"rs-heading.default\">\n\t\t\t\t<div class=\"elementor-widget-container\">\n\t\t\t\t\t\n        <div class=\"prelements-heading default animate-\">\n\n\n\n        \t<div class=\"title-inner\">        \t\t      \t\t\n\t            <h2 class=\"title\"><span class=\"watermark\"><\/span>Ekibimize Kat\u0131l\u0131n<\/h2>\t\t\t\t\n\t\t\t\t\t        <\/div>\n\t                    \t<div class=\"description\">\n            \t\t            \t\t<p>\u00d6\u011frencilerin ya\u015famlar\u0131nda olumlu bir etki yaratmaya ve onlar\u0131 kaliteli e\u011fitim arac\u0131l\u0131\u011f\u0131yla tam potansiyellerini a\u00e7malar\u0131na yard\u0131mc\u0131 olmaya hevesli misiniz? O zaman New Routes sizin i\u00e7in do\u011fru yerdir. M\u00fckemmelli\u011fe olan ba\u011fl\u0131l\u0131\u011f\u0131m\u0131z\u0131 payla\u015fan yetenekli bireyler ar\u0131yoruz ve fark yaratmaya motive olanlar\u0131 bekliyoruz. Ekibimizin bir par\u00e7as\u0131 olarak, yurtd\u0131\u015f\u0131nda \u00f6ncesi \u00fcniversite programlar\u0131, yurtd\u0131\u015f\u0131 \u00f6\u011frenim programlar\u0131, yaz dil okullar\u0131, yurtd\u0131\u015f\u0131nda i\u015f imkanlar\u0131 ve NR Afrika Edu-Turu gibi geni\u015f bir hizmet yelpazesi sunma f\u0131rsat\u0131na sahip olacaks\u0131n\u0131z. \u00d6\u011frencilere iyi bilgilendirilmi\u015f se\u00e7imler yapma g\u00fcc\u00fc veren ki\u015fiselle\u015ftirilmi\u015f rehberlik, uzman tavsiyesi ve de\u011ferli kaynaklar\u0131 \u00f6nemsiyoruz. S\u00fcrekli \u00f6\u011frenme ve b\u00fcy\u00fcmenin k\u00fclt\u00fcr\u00fcnde ba\u015far\u0131l\u0131 olan motive bir profesyonelseniz, birlikte h\u0131zla de\u011fi\u015fen k\u00fcresel ortamda ba\u015far\u0131l\u0131 olmaya haz\u0131r bireyleri \u015fekillendirmede bize kat\u0131l\u0131n. Birlikte, \u00f6\u011frencilere e\u011fitim yolculuklar\u0131nda ilham verelim ve onlara s\u0131n\u0131rs\u0131z bir d\u00fcnyay\u0131 a\u00e7ma f\u0131rsat\u0131 sunal\u0131m.<\/p><div id=\"mttContainer\" class=\"bootstrapiso notranslate\" title=\"\" data-html=\"true\" data-original-title=\"\">\u00a0<\/div>  \n            \t<\/div>\n        \t        <\/div>\n        \t\t\t\t<\/div>\n\t\t\t\t<\/div>\n\t\t\t\t\t<\/div>\n\t\t<\/div>\n\t\t\t\t\t<\/div>\n\t\t<\/section>\n\t\t\t\t<section class=\"elementor-section elementor-top-section elementor-element elementor-element-4cd1bb39 elementor-section-stretched elementor-section-boxed elementor-section-height-default elementor-section-height-default\" data-id=\"4cd1bb39\" data-element_type=\"section\" data-e-type=\"section\" data-settings=\"{&quot;stretch_section&quot;:&quot;section-stretched&quot;,&quot;background_background&quot;:&quot;classic&quot;}\">\n\t\t\t\t\t\t<div class=\"elementor-container elementor-column-gap-default\">\n\t\t\t\t\t<div class=\"elementor-column elementor-col-100 elementor-top-column elementor-element elementor-element-7962a101\" data-id=\"7962a101\" data-element_type=\"column\" data-e-type=\"column\">\n\t\t\t<div class=\"elementor-widget-wrap elementor-element-populated\">\n\t\t\t\t\t\t<section class=\"elementor-section elementor-inner-section elementor-element elementor-element-48337b70 elementor-section-content-middle elementor-section-boxed elementor-section-height-default elementor-section-height-default\" data-id=\"48337b70\" data-element_type=\"section\" data-e-type=\"section\">\n\t\t\t\t\t\t<div class=\"elementor-container elementor-column-gap-default\">\n\t\t\t\t\t<div class=\"elementor-column elementor-col-50 elementor-inner-column elementor-element elementor-element-35aabefd\" data-id=\"35aabefd\" data-element_type=\"column\" data-e-type=\"column\">\n\t\t\t<div class=\"elementor-widget-wrap elementor-element-populated\">\n\t\t\t\t\t\t<div class=\"elementor-element elementor-element-3a666065 elementor-widget elementor-widget-rs-heading\" data-id=\"3a666065\" data-element_type=\"widget\" data-e-type=\"widget\" data-widget_type=\"rs-heading.default\">\n\t\t\t\t<div class=\"elementor-widget-container\">\n\t\t\t\t\t\n        <div class=\"prelements-heading default animate-\">\n\n\n\n        \t<div class=\"title-inner\">        \t\t      \t\t\n\t            <h2 class=\"title\"><span class=\"watermark\"><\/span>Bize Kat\u0131l<\/h2>\t\t\t\t\n\t\t\t\t\t        <\/div>\n\t                    \t<div class=\"description\">\n            \t\t            \t\t<div id=\"mttContainer\" class=\"bootstrapiso notranslate\" title=\"\" data-html=\"true\" data-original-title=\"\">\u00a0<\/div><div id=\"mttContainer\" class=\"bootstrapiso notranslate\" title=\"\" data-html=\"true\" data-original-title=\"\">\u00a0<\/div>  \n            \t<\/div>\n        \t        <\/div>\n        \t\t\t\t<\/div>\n\t\t\t\t<\/div>\n\t\t\t\t\t<\/div>\n\t\t<\/div>\n\t\t\t\t<div class=\"elementor-column elementor-col-50 elementor-inner-column elementor-element elementor-element-4053e86c\" data-id=\"4053e86c\" data-element_type=\"column\" data-e-type=\"column\">\n\t\t\t<div class=\"elementor-widget-wrap\">\n\t\t\t\t\t\t\t<\/div>\n\t\t<\/div>\n\t\t\t\t\t<\/div>\n\t\t<\/section>\n\t\t\t\t<section class=\"elementor-section elementor-inner-section elementor-element elementor-element-c4b0eb8 elementor-section-boxed elementor-section-height-default elementor-section-height-default\" data-id=\"c4b0eb8\" data-element_type=\"section\" data-e-type=\"section\">\n\t\t\t\t\t\t<div class=\"elementor-container elementor-column-gap-default\">\n\t\t\t\t\t<div class=\"elementor-column elementor-col-33 elementor-inner-column elementor-element elementor-element-6ffd4fda\" data-id=\"6ffd4fda\" data-element_type=\"column\" data-e-type=\"column\">\n\t\t\t<div class=\"elementor-widget-wrap elementor-element-populated\">\n\t\t\t\t\t\t<div class=\"elementor-element elementor-element-72ece80b elementor-widget elementor-widget-rs-service-grid\" data-id=\"72ece80b\" data-element_type=\"widget\" data-e-type=\"widget\" data-widget_type=\"rs-service-grid.default\">\n\t\t\t\t<div class=\"elementor-widget-container\">\n\t\t\t\t\t\t\t\r\n\t\t<div class=\"rs-addon-services services-style8 service_shape_ box_shadow_serial_disable -border rs_hover_shape_disable rs_ rs-shape_image\">\r\n\r\n\t\t    <div class=\"services-part image-align-top\">\r\n\r\n\t\t    \t\t\t    \t\t<div class=\"serial_number enable_position\">\r\n\t\t    \t\t\t01 \r\n\t\t    \t\t<\/div>\r\n\t\t    \t\r\n\r\n\t\t    \t\t\t\t    \t\t    \t\t\r\n\t\t    \t\t\t    \t\t\t\r\n\t\t\t    \t\t\t\t\t\t    \t\t\t\t\r\n\t\t\t\t    \t\t\t\t<div class=\"services-icon   icon_size_ image no  border-style-\">\r\n\r\n\t\t\t\t\t\t\t    \t\t\r\n\t\t\t\t\t\t\t    \t\t\r\n\t\t\t\t\t\t\t\t    \t\t\t\t\t\t\t\t\t    \t\t\t\t\t\t\t\t\t\t\t    \t\t\t\t\t\t\t\t\t\t\t\t    \t\t\t\t\t\t\t\t\t\t\t\t    \t\t<img decoding=\"async\" class=\"main-img\" src=\"https:\/\/nreduconsult.com.tr\/wp-content\/uploads\/2023\/08\/mentoring.png\" alt=\"image\"\/>\r\n\t\t\t\t\t\t\t\t\t\t    \t\t\t\t\t\t\t\t\t\t\t    \t\t\t\t\t\t\t\t\t\t\t    \t\r\n\r\n\t\t\t\t\t\t\t\t\t    \t\r\n\t\t\t\t\t\t\t\t\t\t\t\r\n\r\n\t\t\t\t\t\t\t\t\t    \r\n\t\t\t\t\t\t\t    \t\t\r\n\t\t\t\t\t\t\t    \t\t\t\t\t\t\t\t\t    \t\t\r\n\r\n\r\n\t\t\t\t\t\t    \t\t<\/div>\r\n\r\n\t\t\t\t\t    \t\t\t\t\t\t    \t\t\t\t\t    \t\t\r\n\t\t    \t\t\t    \t\t       \r\n\t\t\t    <div class=\"services-text\">\r\n\t\t\t    \t<div class=\"service-inner button_inner\">\r\n\t\t\t    \t\t\r\n\t\t\t\t    \t\r\n\t\t\t\t    \t\t\t\t    \t    \t\t\t\t    \t\t    \t<div class=\"services-title\">\t\t\t\t    \t\t\r\n\t\t\t    \t\t    \t\t\t\t\t    \t\t    \t\t\t<h4 class=\"title\"> E\u011fitim Dan\u0131\u015fmanlar\u0131<\/h4>\r\n\t\t\t    \t\t    \t\t\t\t\t\t    \t\t\r\n\t\t\t    \t\t    \t<\/div>\r\n\t\t\t    \t    \t\t\t\t\t\t    \r\n\t\t\t\t    \t\t\t\t\t    \t\t<p class=\"services-txt\">  \u00d6\u011frencilere ve profesyonellere ki\u015fiselle\u015ftirilmi\u015f rehberlik sa\u011flayarak onlar\u0131n akademik ve kariyer yollar\u0131 hakk\u0131nda bilin\u00e7li kararlar almalar\u0131na yard\u0131mc\u0131 olun.<\/p>\t\r\n\t\t\t\t    \t\t\r\n\r\n\t    \t    \t\t\t\t    \t    \t\t\t\t\t    \t\t    \t<div class=\"services-btn-part\">\r\n\t\t\t    \t\t    \t\t\t\t    \t\t    \t\t\t<a class=\"services-btn icon-after\" href=\"#\" >\r\n\r\n\t\t    \t\t    \t\t\t\t<span class=\"btn_text\">\r\n\t\t    \t\t    \t\t\t\t\tApply Now    \t\t\t\t\t\t\r\n\t\t    \t\t    \t\t\t\t<\/span>\r\n\r\n\t\t    \t\t    \t\t\t\t\t\t\t    \t\t    \t\t\t\t\t\t\t    \t\t    \t\t\t\t\t<i class=\"fa fa-angle-right\"><\/i>\r\n\t\t\t    \t\t    \t\t\t\t\t\t    \t\t    \t\t\t\t\r\n\r\n\t\t    \t\t    \t\t\t<\/a>\r\n\t\t\t    \t\t    \t<\/div>\r\n\t\t\t    \t    \t\t\t\t\t    <\/div>\r\n\t\t\t    <\/div>\r\n\r\n\t\t\t    \r\n\t\t\t    \t\r\n\r\n\t\t\t    \r\n\t    \t\t\r\n\t\t\t    \t\t\t<\/div>\r\n\t\t\t\r\n\t\t<\/div>\t\r\n\t\t\r\n\t\t\t\t\t<\/div>\n\t\t\t\t<\/div>\n\t\t\t\t\t<\/div>\n\t\t<\/div>\n\t\t\t\t<div class=\"elementor-column elementor-col-33 elementor-inner-column elementor-element elementor-element-7bd00df6\" data-id=\"7bd00df6\" data-element_type=\"column\" data-e-type=\"column\">\n\t\t\t<div class=\"elementor-widget-wrap elementor-element-populated\">\n\t\t\t\t\t\t<div class=\"elementor-element elementor-element-153f3a5c elementor-widget elementor-widget-rs-service-grid\" data-id=\"153f3a5c\" data-element_type=\"widget\" data-e-type=\"widget\" data-widget_type=\"rs-service-grid.default\">\n\t\t\t\t<div class=\"elementor-widget-container\">\n\t\t\t\t\t\t\t\r\n\t\t<div class=\"rs-addon-services services-style8 service_shape_ box_shadow_serial_disable -border rs_hover_shape_disable rs_ rs-shape_image\">\r\n\r\n\t\t    <div class=\"services-part image-align-top\">\r\n\r\n\t\t    \t\t\t    \t\t<div class=\"serial_number enable_position\">\r\n\t\t    \t\t\t02 \r\n\t\t    \t\t<\/div>\r\n\t\t    \t\r\n\r\n\t\t    \t\t\t\t    \t\t    \t\t\r\n\t\t    \t\t\t    \t\t\t\r\n\t\t\t    \t\t\t\t\t\t    \t\t\t\t\r\n\t\t\t\t    \t\t\t\t<div class=\"services-icon   icon_size_ image no  border-style-\">\r\n\r\n\t\t\t\t\t\t\t    \t\t\r\n\t\t\t\t\t\t\t    \t\t\r\n\t\t\t\t\t\t\t\t    \t\t\t\t\t\t\t\t\t    \t\t\t\t\t\t\t\t\t\t\t    \t\t\t\t\t\t\t\t\t\t\t\t    \t\t\t\t\t\t\t\t\t\t\t\t    \t\t<img decoding=\"async\" class=\"main-img\" src=\"https:\/\/nreduconsult.com.tr\/wp-content\/uploads\/2023\/08\/advisor.png\" alt=\"image\"\/>\r\n\t\t\t\t\t\t\t\t\t\t    \t\t\t\t\t\t\t\t\t\t\t    \t\t\t\t\t\t\t\t\t\t\t    \t\r\n\r\n\t\t\t\t\t\t\t\t\t    \t\r\n\t\t\t\t\t\t\t\t\t\t\t\r\n\r\n\t\t\t\t\t\t\t\t\t    \r\n\t\t\t\t\t\t\t    \t\t\r\n\t\t\t\t\t\t\t    \t\t\t\t\t\t\t\t\t    \t\t\r\n\r\n\r\n\t\t\t\t\t\t    \t\t<\/div>\r\n\r\n\t\t\t\t\t    \t\t\t\t\t\t    \t\t\t\t\t    \t\t\r\n\t\t    \t\t\t    \t\t       \r\n\t\t\t    <div class=\"services-text\">\r\n\t\t\t    \t<div class=\"service-inner button_inner\">\r\n\t\t\t    \t\t\r\n\t\t\t\t    \t\r\n\t\t\t\t    \t\t\t\t    \t    \t\t\t\t    \t\t    \t<div class=\"services-title\">\t\t\t\t    \t\t\r\n\t\t\t    \t\t    \t\t\t\t\t    \t\t    \t\t\t<h4 class=\"title\"> Kariyer dan\u0131\u015fmanlar\u0131<\/h4>\r\n\t\t\t    \t\t    \t\t\t\t\t\t    \t\t\r\n\t\t\t    \t\t    \t<\/div>\r\n\t\t\t    \t    \t\t\t\t\t\t    \r\n\t\t\t\t    \t\t\t\t\t    \t\t<p class=\"services-txt\">  Bireylerin yurtd\u0131\u015f\u0131ndaki i\u015f f\u0131rsatlar\u0131n\u0131 ke\u015ffetmelerine ve kariyer geli\u015fimi i\u00e7in stratejiler geli\u015ftirmelerine destek olun.<\/p>\t\r\n\t\t\t\t    \t\t\r\n\r\n\t    \t    \t\t\t\t    \t    \t\t\t\t\t    \t\t    \t<div class=\"services-btn-part\">\r\n\t\t\t    \t\t    \t\t\t\t    \t\t    \t\t\t<a class=\"services-btn icon-after\" href=\"#\" >\r\n\r\n\t\t    \t\t    \t\t\t\t<span class=\"btn_text\">\r\n\t\t    \t\t    \t\t\t\t\tApply Now    \t\t\t\t\t\t\r\n\t\t    \t\t    \t\t\t\t<\/span>\r\n\r\n\t\t    \t\t    \t\t\t\t\t\t\t    \t\t    \t\t\t\t\t\t\t    \t\t    \t\t\t\t\t<i class=\"fa fa-angle-right\"><\/i>\r\n\t\t\t    \t\t    \t\t\t\t\t\t    \t\t    \t\t\t\t\r\n\r\n\t\t    \t\t    \t\t\t<\/a>\r\n\t\t\t    \t\t    \t<\/div>\r\n\t\t\t    \t    \t\t\t\t\t    <\/div>\r\n\t\t\t    <\/div>\r\n\r\n\t\t\t    \r\n\t\t\t    \t\r\n\r\n\t\t\t    \r\n\t    \t\t\r\n\t\t\t    \t\t\t<\/div>\r\n\t\t\t\r\n\t\t<\/div>\t\r\n\t\t\r\n\t\t\t\t\t<\/div>\n\t\t\t\t<\/div>\n\t\t\t\t\t<\/div>\n\t\t<\/div>\n\t\t\t\t<div class=\"elementor-column elementor-col-33 elementor-inner-column elementor-element elementor-element-2b4f5fe4 elementor-hidden-mobile_extra\" data-id=\"2b4f5fe4\" data-element_type=\"column\" data-e-type=\"column\">\n\t\t\t<div class=\"elementor-widget-wrap elementor-element-populated\">\n\t\t\t\t\t\t<div class=\"elementor-element elementor-element-1ee5bdd6 elementor-widget elementor-widget-rs-service-grid\" data-id=\"1ee5bdd6\" data-element_type=\"widget\" data-e-type=\"widget\" data-widget_type=\"rs-service-grid.default\">\n\t\t\t\t<div class=\"elementor-widget-container\">\n\t\t\t\t\t\t\t\r\n\t\t<div class=\"rs-addon-services services-style8 service_shape_ box_shadow_serial_disable -border rs_hover_shape_disable rs_ rs-shape_image\">\r\n\r\n\t\t    <div class=\"services-part image-align-top\">\r\n\r\n\t\t    \t\t\t    \t\t<div class=\"serial_number enable_position\">\r\n\t\t    \t\t\t03 \r\n\t\t    \t\t<\/div>\r\n\t\t    \t\r\n\r\n\t\t    \t\t\t\t    \t\t    \t\t\r\n\t\t    \t\t\t    \t\t\t\r\n\t\t\t    \t\t\t\t\t\t    \t\t\t\t\r\n\t\t\t\t    \t\t\t\t<div class=\"services-icon   icon_size_ image no  border-style-\">\r\n\r\n\t\t\t\t\t\t\t    \t\t\r\n\t\t\t\t\t\t\t    \t\t\r\n\t\t\t\t\t\t\t\t    \t\t\t\t\t\t\t\t\t    \t\t\t\t\t\t\t\t\t\t\t    \t\t\t\t\t\t\t\t\t\t\t\t    \t\t\t\t\t\t\t\t\t\t\t\t    \t\t<img decoding=\"async\" class=\"main-img\" src=\"https:\/\/nreduconsult.com.tr\/wp-content\/uploads\/2023\/08\/bullhorn.png\" alt=\"image\"\/>\r\n\t\t\t\t\t\t\t\t\t\t    \t\t\t\t\t\t\t\t\t\t\t    \t\t\t\t\t\t\t\t\t\t\t    \t\r\n\r\n\t\t\t\t\t\t\t\t\t    \t\r\n\t\t\t\t\t\t\t\t\t\t\t\r\n\r\n\t\t\t\t\t\t\t\t\t    \r\n\t\t\t\t\t\t\t    \t\t\r\n\t\t\t\t\t\t\t    \t\t\t\t\t\t\t\t\t    \t\t\r\n\r\n\r\n\t\t\t\t\t\t    \t\t<\/div>\r\n\r\n\t\t\t\t\t    \t\t\t\t\t\t    \t\t\t\t\t    \t\t\r\n\t\t    \t\t\t    \t\t       \r\n\t\t\t    <div class=\"services-text\">\r\n\t\t\t    \t<div class=\"service-inner button_inner\">\r\n\t\t\t    \t\t\r\n\t\t\t\t    \t\r\n\t\t\t\t    \t\t\t\t    \t    \t\t\t\t    \t\t    \t<div class=\"services-title\">\t\t\t\t    \t\t\r\n\t\t\t    \t\t    \t\t\t\t\t    \t\t    \t\t\t<h4 class=\"title\"> Pazarlama Uzmanlar\u0131<\/h4>\r\n\t\t\t    \t\t    \t\t\t\t\t\t    \t\t\r\n\t\t\t    \t\t    \t<\/div>\r\n\t\t\t    \t    \t\t\t\t\t\t    \r\n\t\t\t\t    \t\t\t\t\t    \t\t<p class=\"services-txt\">  NR'nin hizmetlerini tan\u0131tmak i\u00e7in pazarlama stratejileri geli\u015ftirin ve uygulay\u0131n, sosyal medyay\u0131 y\u00f6netin ve i\u00e7erik olu\u015fturun.<\/p>\t\r\n\t\t\t\t    \t\t\r\n\r\n\t    \t    \t\t\t\t    \t    \t\t\t\t\t    \t\t    \t<div class=\"services-btn-part\">\r\n\t\t\t    \t\t    \t\t\t\t    \t\t    \t\t\t<a class=\"services-btn icon-after\" href=\"#\" >\r\n\r\n\t\t    \t\t    \t\t\t\t<span class=\"btn_text\">\r\n\t\t    \t\t    \t\t\t\t\tApply Now    \t\t\t\t\t\t\r\n\t\t    \t\t    \t\t\t\t<\/span>\r\n\r\n\t\t    \t\t    \t\t\t\t\t\t\t    \t\t    \t\t\t\t\t\t\t    \t\t    \t\t\t\t\t<i class=\"fa fa-angle-right\"><\/i>\r\n\t\t\t    \t\t    \t\t\t\t\t\t    \t\t    \t\t\t\t\r\n\r\n\t\t    \t\t    \t\t\t<\/a>\r\n\t\t\t    \t\t    \t<\/div>\r\n\t\t\t    \t    \t\t\t\t\t    <\/div>\r\n\t\t\t    <\/div>\r\n\r\n\t\t\t    \r\n\t\t\t    \t\r\n\r\n\t\t\t    \r\n\t    \t\t\r\n\t\t\t    \t\t\t<\/div>\r\n\t\t\t\r\n\t\t<\/div>\t\r\n\t\t\r\n\t\t\t\t\t<\/div>\n\t\t\t\t<\/div>\n\t\t\t\t\t<\/div>\n\t\t<\/div>\n\t\t\t\t\t<\/div>\n\t\t<\/section>\n\t\t\t\t\t<\/div>\n\t\t<\/div>\n\t\t\t\t\t<\/div>\n\t\t<\/section>\n\t\t\t\t<section class=\"elementor-section elementor-top-section elementor-element elementor-element-70a68ad2 elementor-section-stretched elementor-section-boxed elementor-section-height-default elementor-section-height-default\" data-id=\"70a68ad2\" data-element_type=\"section\" data-e-type=\"section\" data-settings=\"{&quot;stretch_section&quot;:&quot;section-stretched&quot;,&quot;background_background&quot;:&quot;classic&quot;,&quot;shape_divider_bottom&quot;:&quot;book&quot;,&quot;shape_divider_bottom_negative&quot;:&quot;yes&quot;}\">\n\t\t\t\t\t<div class=\"elementor-shape elementor-shape-bottom\" aria-hidden=\"true\" data-negative=\"true\">\n\t\t\t<svg xmlns=\"http:\/\/www.w3.org\/2000\/svg\" viewbox=\"0 0 1000 100\" preserveaspectratio=\"none\">\n\t<path class=\"elementor-shape-fill\" d=\"M806,94.7C619.5,90,500,20.3,500,1.7c-1,18.6-117.5,88.3-306,93C92,97.2,0,97.9,0,97.9v-0l0,0v2.3h1000v-2.3 C1000,97.7,920.3,97.6,806,94.7z M350,65.1L350,65.1L350,65.1L350,65.1z\"\/>\n<\/svg>\n\t\t<\/div>\n\t\t\t\t\t<div class=\"elementor-container elementor-column-gap-default\">\n\t\t\t\t\t<div class=\"elementor-column elementor-col-100 elementor-top-column elementor-element elementor-element-900a7de\" data-id=\"900a7de\" data-element_type=\"column\" data-e-type=\"column\">\n\t\t\t<div class=\"elementor-widget-wrap elementor-element-populated\">\n\t\t\t\t\t\t<section class=\"elementor-section elementor-inner-section elementor-element elementor-element-4655c066 elementor-section-boxed elementor-section-height-default elementor-section-height-default\" data-id=\"4655c066\" data-element_type=\"section\" data-e-type=\"section\">\n\t\t\t\t\t\t<div class=\"elementor-container elementor-column-gap-default\">\n\t\t\t\t\t<div class=\"elementor-column elementor-col-50 elementor-inner-column elementor-element elementor-element-25bb3fca elementor-hidden-mobile\" data-id=\"25bb3fca\" data-element_type=\"column\" data-e-type=\"column\" data-settings=\"{&quot;background_background&quot;:&quot;classic&quot;}\">\n\t\t\t<div class=\"elementor-widget-wrap elementor-element-populated\">\n\t\t\t\t\t\t\t<\/div>\n\t\t<\/div>\n\t\t\t\t<div class=\"elementor-column elementor-col-50 elementor-inner-column elementor-element elementor-element-dc3c58\" data-id=\"dc3c58\" data-element_type=\"column\" data-e-type=\"column\" data-settings=\"{&quot;background_background&quot;:&quot;classic&quot;}\">\n\t\t\t<div class=\"elementor-widget-wrap elementor-element-populated\">\n\t\t\t\t\t\t<div class=\"elementor-element elementor-element-26399532 elementor-widget elementor-widget-rs-heading\" data-id=\"26399532\" data-element_type=\"widget\" data-e-type=\"widget\" data-widget_type=\"rs-heading.default\">\n\t\t\t\t<div class=\"elementor-widget-container\">\n\t\t\t\t\t\n        <div class=\"prelements-heading default animate-\">\n\n\n\n        \t<div class=\"title-inner\">        \t\t      \t\t\n\t            <h2 class=\"title\"><span class=\"watermark\"><\/span>Randevu Al<\/h2>\t\t\t\t\n\t\t\t\t\t        <\/div>\n\t                    \t<div class=\"description\">\n            \t\t            \t\t<p>\u00a0<\/p><div id=\"mttContainer\" class=\"bootstrapiso notranslate\" title=\"\" data-html=\"true\" data-original-title=\"\">\u00a0<\/div>  \n            \t<\/div>\n        \t        <\/div>\n        \t\t\t\t<\/div>\n\t\t\t\t<\/div>\n\t\t\t\t\t<\/div>\n\t\t<\/div>\n\t\t\t\t\t<\/div>\n\t\t<\/section>\n\t\t\t\t\t<\/div>\n\t\t<\/div>\n\t\t\t\t\t<\/div>\n\t\t<\/section>\n\t\t\t\t<\/div>","protected":false},"excerpt":{"rendered":"<p>Careers Bringing 10+ years of seasoned expertise to Education Consulting, we possess an in-depth understanding of the intricacies involved in guiding educational journeys. \u00a0\u00a0\u00a0 Join Our Team Are you passionate about making a positive impact on students&#8217; lives and helping them unlock their full potential through quality education? Then New Routes is the place for&#8230;<\/p>","protected":false},"author":1,"featured_media":0,"parent":0,"menu_order":0,"comment_status":"closed","ping_status":"closed","template":"","meta":{"om_disable_all_campaigns":false,"_monsterinsights_skip_tracking":false,"_monsterinsights_sitenote_active":false,"_monsterinsights_sitenote_note":"","_monsterinsights_sitenote_category":0,"footnotes":""},"class_list":["post-6073","page","type-page","status-publish","hentry"],"aioseo_notices":[],"_links":{"self":[{"href":"https:\/\/nreduconsult.com.tr\/tr\/wp-json\/wp\/v2\/pages\/6073","targetHints":{"allow":["GET"]}}],"collection":[{"href":"https:\/\/nreduconsult.com.tr\/tr\/wp-json\/wp\/v2\/pages"}],"about":[{"href":"https:\/\/nreduconsult.com.tr\/tr\/wp-json\/wp\/v2\/types\/page"}],"author":[{"embeddable":true,"href":"https:\/\/nreduconsult.com.tr\/tr\/wp-json\/wp\/v2\/users\/1"}],"replies":[{"embeddable":true,"href":"https:\/\/nreduconsult.com.tr\/tr\/wp-json\/wp\/v2\/comments?post=6073"}],"version-history":[{"count":17,"href":"https:\/\/nreduconsult.com.tr\/tr\/wp-json\/wp\/v2\/pages\/6073\/revisions"}],"predecessor-version":[{"id":9454,"href":"https:\/\/nreduconsult.com.tr\/tr\/wp-json\/wp\/v2\/pages\/6073\/revisions\/9454"}],"wp:attachment":[{"href":"https:\/\/nreduconsult.com.tr\/tr\/wp-json\/wp\/v2\/media?parent=6073"}],"curies":[{"name":"wp","href":"https:\/\/api.w.org\/{rel}","templated":true}]}}