{"id":5865,"date":"2022-04-27T05:32:44","date_gmt":"2022-04-27T05:32:44","guid":{"rendered":"http:\/\/192.168.0.222\/fronbiz\/?page_id=5865"},"modified":"2023-12-31T11:50:45","modified_gmt":"2023-12-31T08:50:45","slug":"contact","status":"publish","type":"page","link":"https:\/\/nreduconsult.com.tr\/tr\/contact\/","title":{"rendered":"\u0130leti\u015fim"},"content":{"rendered":"\t\t<div data-elementor-type=\"wp-page\" data-elementor-id=\"5865\" class=\"elementor elementor-5865\">\n\t\t\t\t\t\t<section class=\"elementor-section elementor-top-section elementor-element elementor-element-e5cdc67 elementor-section-stretched elementor-section-boxed elementor-section-height-default elementor-section-height-default\" data-id=\"e5cdc67\" data-element_type=\"section\" data-e-type=\"section\" data-settings=\"{&quot;stretch_section&quot;:&quot;section-stretched&quot;,&quot;background_background&quot;:&quot;classic&quot;}\">\n\t\t\t\t\t\t<div class=\"elementor-container elementor-column-gap-default\">\n\t\t\t\t\t<div class=\"elementor-column elementor-col-50 elementor-top-column elementor-element elementor-element-229f87e\" data-id=\"229f87e\" data-element_type=\"column\" data-e-type=\"column\">\n\t\t\t<div class=\"elementor-widget-wrap elementor-element-populated\">\n\t\t\t\t\t\t<div class=\"elementor-element elementor-element-676f21c elementor-widget elementor-widget-rs-heading\" data-id=\"676f21c\" data-element_type=\"widget\" data-e-type=\"widget\" data-widget_type=\"rs-heading.default\">\n\t\t\t\t<div class=\"elementor-widget-container\">\n\t\t\t\t\t\n        <div class=\"prelements-heading default animate- \">\n\n\n\n        \t<div class=\"title-inner\">        \t\t      \t\t\n\t            <h2 class=\"title\"><span class=\"watermark\"><\/span>Contact Us<\/h2>\t\t\t\t\n\t\t\t\t\t        <\/div>\n\t                <\/div>\n        \t\t\t\t<\/div>\n\t\t\t\t<\/div>\n\t\t\t\t\t<\/div>\n\t\t<\/div>\n\t\t\t\t<div class=\"elementor-column elementor-col-50 elementor-top-column elementor-element elementor-element-9ac1a8b elementor-hidden-mobile\" data-id=\"9ac1a8b\" data-element_type=\"column\" data-e-type=\"column\">\n\t\t\t<div class=\"elementor-widget-wrap\">\n\t\t\t\t\t\t\t<\/div>\n\t\t<\/div>\n\t\t\t\t\t<\/div>\n\t\t<\/section>\n\t\t\t\t<section class=\"elementor-section elementor-top-section elementor-element elementor-element-d562463 elementor-section-stretched elementor-section-boxed elementor-section-height-default elementor-section-height-default\" data-id=\"d562463\" data-element_type=\"section\" data-e-type=\"section\" data-settings=\"{&quot;stretch_section&quot;:&quot;section-stretched&quot;}\">\n\t\t\t\t\t\t<div class=\"elementor-container elementor-column-gap-default\">\n\t\t\t\t\t<div class=\"elementor-column elementor-col-100 elementor-top-column elementor-element elementor-element-52c2e31\" data-id=\"52c2e31\" data-element_type=\"column\" data-e-type=\"column\">\n\t\t\t<div class=\"elementor-widget-wrap elementor-element-populated\">\n\t\t\t\t\t\t<section class=\"elementor-section elementor-inner-section elementor-element elementor-element-3c69f19 elementor-section-boxed elementor-section-height-default elementor-section-height-default\" data-id=\"3c69f19\" data-element_type=\"section\" data-e-type=\"section\">\n\t\t\t\t\t\t<div class=\"elementor-container elementor-column-gap-default\">\n\t\t\t\t\t<div class=\"elementor-column elementor-col-33 elementor-inner-column elementor-element elementor-element-ba98e04\" data-id=\"ba98e04\" data-element_type=\"column\" data-e-type=\"column\">\n\t\t\t<div class=\"elementor-widget-wrap elementor-element-populated\">\n\t\t\t\t\t\t<div class=\"elementor-element elementor-element-803f59f elementor-widget elementor-widget-rs-service-grid\" data-id=\"803f59f\" data-element_type=\"widget\" data-e-type=\"widget\" data-widget_type=\"rs-service-grid.default\">\n\t\t\t\t<div class=\"elementor-widget-container\">\n\t\t\t\t\t\t\t\r\n\t\t<div class=\" rs-addon-services services-style4 service_shape_ box_shadow_serial_disable -border rs_hover_shape_disable rs_ rs-shape_image\">\r\n\r\n\t\t    <div class=\"services-part image-align-top\">\r\n\r\n\t\t    \t\r\n\r\n\t\t    \t\t\t\t    \t\t    \t\t\r\n\t\t    \t\t\t    \t\t\t\r\n\t\t\t    \t\t\t\t\t\t    \t\t\t\t\r\n\t\t\t\t    \t\t\t\t<div class=\"services-icon  disable_rect_shape icon_size_ image no  border-style-\">\r\n\r\n\t\t\t\t\t\t\t    \t\t\r\n\t\t\t\t\t\t\t    \t\t\t\t\t\t\t\t\t\t    \t\t\t\t\t\t\t\t\t\t\t    \t\t\t\t\t\t\t\t\t\t\t    \t\t<img decoding=\"async\" class=\"main-img\" src=\"https:\/\/fronbiz.rstheme.com\/wp-content\/uploads\/2022\/04\/location-1.png\" alt=\"image\"\/>\r\n\t\t\t\t\t\t\t\t\t    \t\t\t\t\t\t\t\t\t\t    \t\t\t\t\t\t\t\t\t\t    \t\r\n\t\t\t\t\t\t\t\t    \t\r\n\t\t\t\t\t\t\t    \t\t\r\n\t\t\t\t\t\t\t    \t\t\t\t\t\t\t\t\t    \t\t\r\n\r\n\r\n\t\t\t\t\t\t    \t\t<\/div>\r\n\r\n\t\t\t\t\t    \t\t\t\t\t\t    \t\t\t\t\t    \t\t\r\n\t\t    \t\t\t    \t\t       \r\n\t\t\t    <div class=\"services-text\">\r\n\t\t\t    \t<div class=\"service-inner \">\r\n\t\t\t    \t\t\r\n\t\t\t\t    \t\r\n\t\t\t\t    \t\t\t\t    \t    \t\t\t\t    \t\t    \t<div class=\"services-title\">\t\t\t\t    \t\t\r\n\t\t\t    \t\t    \t\t\t\t\t    \t\t    \t\t\t<h4 class=\"title\"> Office Address<\/h4>\r\n\t\t\t    \t\t    \t\t\t\t\t\t    \t\t\r\n\t\t\t    \t\t    \t<\/div>\r\n\t\t\t    \t    \t\t\t\t\t\t    \r\n\t\t\t\t    \t\t\t\t\t    \t\t<p class=\"services-txt\">  Ko\u00e7ak Plaza, Mustafa Kemal Mahallesi, 2137 Sk. No:5\/5, Merkez\u00a0\u00c7ankaya,\u00a0Ankara<\/p>\t\r\n\t\t\t\t    \t\t\r\n\r\n\t    \t    \t\t\t\t    \t    \t\t\t\t\t\t    <\/div>\r\n\t\t\t    <\/div>\r\n\r\n\t\t\t    \r\n\t\t\t    \t\r\n\r\n\t\t\t    \r\n\t    \t\t\r\n\t\t\t    \t\t\t<\/div>\r\n\t\t\t\t\t\t\t    \t\t\r\n\t\t<\/div>\t\r\n\t\t\r\n\t\t\t\t\t<\/div>\n\t\t\t\t<\/div>\n\t\t\t\t\t<\/div>\n\t\t<\/div>\n\t\t\t\t<div class=\"elementor-column elementor-col-33 elementor-inner-column elementor-element elementor-element-02e35b0\" data-id=\"02e35b0\" data-element_type=\"column\" data-e-type=\"column\">\n\t\t\t<div class=\"elementor-widget-wrap elementor-element-populated\">\n\t\t\t\t\t\t<div class=\"elementor-element elementor-element-88d929a elementor-widget elementor-widget-rs-service-grid\" data-id=\"88d929a\" data-element_type=\"widget\" data-e-type=\"widget\" data-widget_type=\"rs-service-grid.default\">\n\t\t\t\t<div class=\"elementor-widget-container\">\n\t\t\t\t\t\t\t\r\n\t\t<div class=\" rs-addon-services services-style4 service_shape_ box_shadow_serial_disable -border rs_hover_shape_disable rs_ rs-shape_image\">\r\n\r\n\t\t    <div class=\"services-part image-align-top\">\r\n\r\n\t\t    \t\r\n\r\n\t\t    \t\t\t\t    \t\t    \t\t\r\n\t\t    \t\t\t    \t\t\t\r\n\t\t\t    \t\t\t\t\t\t    \t\t\t\t\r\n\t\t\t\t    \t\t\t\t<div class=\"services-icon  disable_rect_shape icon_size_ image no  border-style-\">\r\n\r\n\t\t\t\t\t\t\t    \t\t\r\n\t\t\t\t\t\t\t    \t\t\t\t\t\t\t\t\t\t    \t\t\t\t\t\t\t\t\t\t\t    \t\t\t\t\t\t\t\t\t\t\t    \t\t<img decoding=\"async\" class=\"main-img\" src=\"https:\/\/fronbiz.rstheme.com\/wp-content\/uploads\/2022\/04\/chat.png\" alt=\"image\"\/>\r\n\t\t\t\t\t\t\t\t\t    \t\t\t\t\t\t\t\t\t\t    \t\t\t\t\t\t\t\t\t\t    \t\r\n\t\t\t\t\t\t\t\t    \t\r\n\t\t\t\t\t\t\t    \t\t\r\n\t\t\t\t\t\t\t    \t\t\t\t\t\t\t\t\t    \t\t\r\n\r\n\r\n\t\t\t\t\t\t    \t\t<\/div>\r\n\r\n\t\t\t\t\t    \t\t\t\t\t\t    \t\t\t\t\t    \t\t\r\n\t\t    \t\t\t    \t\t       \r\n\t\t\t    <div class=\"services-text\">\r\n\t\t\t    \t<div class=\"service-inner \">\r\n\t\t\t    \t\t\r\n\t\t\t\t    \t\r\n\t\t\t\t    \t\t\t\t    \t    \t\t\t\t    \t\t    \t<div class=\"services-title\">\t\t\t\t    \t\t\r\n\t\t\t    \t\t    \t\t\t\t\t    \t\t    \t\t\t<h4 class=\"title\"> E-Mail Address<\/h4>\r\n\t\t\t    \t\t    \t\t\t\t\t\t    \t\t\r\n\t\t\t    \t\t    \t<\/div>\r\n\t\t\t    \t    \t\t\t\t\t\t    \r\n\t\t\t\t    \t\t\t\t\t    \t\t<p class=\"services-txt\">  info@nreduconsult.com.tr\n<\/p>\t\r\n\t\t\t\t    \t\t\r\n\r\n\t    \t    \t\t\t\t    \t    \t\t\t\t\t\t    <\/div>\r\n\t\t\t    <\/div>\r\n\r\n\t\t\t    \r\n\t\t\t    \t\r\n\r\n\t\t\t    \r\n\t    \t\t\r\n\t\t\t    \t\t\t<\/div>\r\n\t\t\t\t\t\t\t    \t\t\r\n\t\t<\/div>\t\r\n\t\t\r\n\t\t\t\t\t<\/div>\n\t\t\t\t<\/div>\n\t\t\t\t<div class=\"elementor-element elementor-element-49627f8 elementor-widget elementor-widget-rs-service-grid\" data-id=\"49627f8\" data-element_type=\"widget\" data-e-type=\"widget\" data-widget_type=\"rs-service-grid.default\">\n\t\t\t\t<div class=\"elementor-widget-container\">\n\t\t\t\t\t\t\t\r\n\t\t<div class=\" rs-addon-services services-style4 service_shape_ box_shadow_serial_disable -border rs_hover_shape_disable rs_ rs-shape_image\">\r\n\r\n\t\t    <div class=\"services-part image-align-top\">\r\n\r\n\t\t    \t\r\n\r\n\t\t    \t\t\t\t    \t\t    \t\t\r\n\t\t    \t\t\t    \t\t\t\r\n\t\t\t    \t\t\t\t\t\t    \t\t\t\t\r\n\t\t\t\t    \t\t\t\t<div class=\"services-icon  disable_rect_shape icon_size_ image no  border-style-\">\r\n\r\n\t\t\t\t\t\t\t    \t\t\r\n\t\t\t\t\t\t\t    \t\t\t\t\t\t\t\t\t\t    \t\t\t\t\t\t\t\t\t\t\t    \t\t\t\t\t\t\t\t\t\t\t    \t\t<img decoding=\"async\" class=\"main-img\" src=\"https:\/\/fronbiz.rstheme.com\/wp-content\/uploads\/2022\/04\/phone-call.png\" alt=\"image\"\/>\r\n\t\t\t\t\t\t\t\t\t    \t\t\t\t\t\t\t\t\t\t    \t\t\t\t\t\t\t\t\t\t    \t\r\n\t\t\t\t\t\t\t\t    \t\r\n\t\t\t\t\t\t\t    \t\t\r\n\t\t\t\t\t\t\t    \t\t\t\t\t\t\t\t\t    \t\t\r\n\r\n\r\n\t\t\t\t\t\t    \t\t<\/div>\r\n\r\n\t\t\t\t\t    \t\t\t\t\t\t    \t\t\t\t\t    \t\t\r\n\t\t    \t\t\t    \t\t       \r\n\t\t\t    <div class=\"services-text\">\r\n\t\t\t    \t<div class=\"service-inner \">\r\n\t\t\t    \t\t\r\n\t\t\t\t    \t\r\n\t\t\t\t    \t\t\t\t    \t    \t\t\t\t    \t\t    \t<div class=\"services-title\">\t\t\t\t    \t\t\r\n\t\t\t    \t\t    \t\t\t\t\t    \t\t    \t\t\t<h4 class=\"title\"> Fax<\/h4>\r\n\t\t\t    \t\t    \t\t\t\t\t\t    \t\t\r\n\t\t\t    \t\t    \t<\/div>\r\n\t\t\t    \t    \t\t\t\t\t\t    \r\n\t\t\t\t    \t\t\t\t\t    \t\t<p class=\"services-txt\">  +908505223403<\/p>\t\r\n\t\t\t\t    \t\t\r\n\r\n\t    \t    \t\t\t\t    \t    \t\t\t\t\t\t    <\/div>\r\n\t\t\t    <\/div>\r\n\r\n\t\t\t    \r\n\t\t\t    \t\r\n\r\n\t\t\t    \r\n\t    \t\t\r\n\t\t\t    \t\t\t<\/div>\r\n\t\t\t\t\t\t\t    \t\t\r\n\t\t<\/div>\t\r\n\t\t\r\n\t\t\t\t\t<\/div>\n\t\t\t\t<\/div>\n\t\t\t\t\t<\/div>\n\t\t<\/div>\n\t\t\t\t<div class=\"elementor-column elementor-col-33 elementor-inner-column elementor-element elementor-element-3979250\" data-id=\"3979250\" data-element_type=\"column\" data-e-type=\"column\">\n\t\t\t<div class=\"elementor-widget-wrap elementor-element-populated\">\n\t\t\t\t\t\t<div class=\"elementor-element elementor-element-5c4b40a elementor-widget elementor-widget-rs-service-grid\" data-id=\"5c4b40a\" data-element_type=\"widget\" data-e-type=\"widget\" data-widget_type=\"rs-service-grid.default\">\n\t\t\t\t<div class=\"elementor-widget-container\">\n\t\t\t\t\t\t\t\r\n\t\t<div class=\" rs-addon-services services-style4 service_shape_ box_shadow_serial_disable -border rs_hover_shape_disable rs_ rs-shape_image\">\r\n\r\n\t\t    <div class=\"services-part image-align-top\">\r\n\r\n\t\t    \t\r\n\r\n\t\t    \t\t\t\t    \t\t    \t\t\r\n\t\t    \t\t\t    \t\t\t\r\n\t\t\t    \t\t\t\t\t\t    \t\t\t\t\r\n\t\t\t\t    \t\t\t\t<div class=\"services-icon  disable_rect_shape icon_size_ image no  border-style-\">\r\n\r\n\t\t\t\t\t\t\t    \t\t\r\n\t\t\t\t\t\t\t    \t\t\t\t\t\t\t\t\t\t    \t\t\t\t\t\t\t\t\t\t\t    \t\t\t\t\t\t\t\t\t\t\t    \t\t<img decoding=\"async\" class=\"main-img\" src=\"https:\/\/fronbiz.rstheme.com\/wp-content\/uploads\/2022\/04\/phone-call.png\" alt=\"image\"\/>\r\n\t\t\t\t\t\t\t\t\t    \t\t\t\t\t\t\t\t\t\t    \t\t\t\t\t\t\t\t\t\t    \t\r\n\t\t\t\t\t\t\t\t    \t\r\n\t\t\t\t\t\t\t    \t\t\r\n\t\t\t\t\t\t\t    \t\t\t\t\t\t\t\t\t    \t\t\r\n\r\n\r\n\t\t\t\t\t\t    \t\t<\/div>\r\n\r\n\t\t\t\t\t    \t\t\t\t\t\t    \t\t\t\t\t    \t\t\r\n\t\t    \t\t\t    \t\t       \r\n\t\t\t    <div class=\"services-text\">\r\n\t\t\t    \t<div class=\"service-inner \">\r\n\t\t\t    \t\t\r\n\t\t\t\t    \t\r\n\t\t\t\t    \t\t\t\t    \t    \t\t\t\t    \t\t    \t<div class=\"services-title\">\t\t\t\t    \t\t\r\n\t\t\t    \t\t    \t\t\t\t\t    \t\t    \t\t\t<h4 class=\"title\"> Call us<\/h4>\r\n\t\t\t    \t\t    \t\t\t\t\t\t    \t\t\r\n\t\t\t    \t\t    \t<\/div>\r\n\t\t\t    \t    \t\t\t\t\t\t    \r\n\t\t\t\t    \t\t\t\t\t    \t\t<p class=\"services-txt\">  (+90) 312 504 47 63 <br>\n(+90) 552 563 30 90\n<\/p>\t\r\n\t\t\t\t    \t\t\r\n\r\n\t    \t    \t\t\t\t    \t    \t\t\t\t\t\t    <\/div>\r\n\t\t\t    <\/div>\r\n\r\n\t\t\t    \r\n\t\t\t    \t\r\n\r\n\t\t\t    \r\n\t    \t\t\r\n\t\t\t    \t\t\t<\/div>\r\n\t\t\t\t\t\t\t    \t\t\r\n\t\t<\/div>\t\r\n\t\t\r\n\t\t\t\t\t<\/div>\n\t\t\t\t<\/div>\n\t\t\t\t<div class=\"elementor-element elementor-element-7f5c6c2 elementor-widget elementor-widget-rs-service-grid\" data-id=\"7f5c6c2\" data-element_type=\"widget\" data-e-type=\"widget\" data-widget_type=\"rs-service-grid.default\">\n\t\t\t\t<div class=\"elementor-widget-container\">\n\t\t\t\t\t\t\t\r\n\t\t<div class=\" rs-addon-services services-style4 service_shape_ box_shadow_serial_disable -border rs_hover_shape_disable rs_ rs-shape_image\">\r\n\r\n\t\t    <div class=\"services-part image-align-top\">\r\n\r\n\t\t    \t\r\n\r\n\t\t    \t\t\t\t    \t\t    \t\t\r\n\t\t    \t\t\t    \t\t\t\r\n\t\t\t    \t\t\t\t\t\t    \t\t\t\t\r\n\t\t\t\t    \t\t\t\t<div class=\"services-icon  disable_rect_shape icon_size_ image no  border-style-\">\r\n\r\n\t\t\t\t\t\t\t    \t\t\r\n\t\t\t\t\t\t\t    \t\t\t\t\t\t\t\t\t\t    \t\t\t\t\t\t\t\t\t\t\t    \t\t\t\t\t\t\t\t\t\t\t    \t\t<img decoding=\"async\" class=\"main-img\" src=\"https:\/\/nreduconsult.com.tr\/wp-content\/uploads\/2023\/08\/whatsapp.png\" alt=\"image\"\/>\r\n\t\t\t\t\t\t\t\t\t    \t\t\t\t\t\t\t\t\t\t    \t\t\t\t\t\t\t\t\t\t    \t\r\n\t\t\t\t\t\t\t\t    \t\r\n\t\t\t\t\t\t\t    \t\t\r\n\t\t\t\t\t\t\t    \t\t\t\t\t\t\t\t\t    \t\t\r\n\r\n\r\n\t\t\t\t\t\t    \t\t<\/div>\r\n\r\n\t\t\t\t\t    \t\t\t\t\t\t    \t\t\t\t\t    \t\t\r\n\t\t    \t\t\t    \t\t       \r\n\t\t\t    <div class=\"services-text\">\r\n\t\t\t    \t<div class=\"service-inner \">\r\n\t\t\t    \t\t\r\n\t\t\t\t    \t\r\n\t\t\t\t    \t\t\t\t    \t    \t\t\t\t    \t\t    \t<div class=\"services-title\">\t\t\t\t    \t\t\r\n\t\t\t    \t\t    \t\t\t\t\t    \t\t    \t\t\t<h4 class=\"title\"> WhatsApp<\/h4>\r\n\t\t\t    \t\t    \t\t\t\t\t\t    \t\t\r\n\t\t\t    \t\t    \t<\/div>\r\n\t\t\t    \t    \t\t\t\t\t\t    \r\n\t\t\t\t    \t\t\t\t\t    \t\t<p class=\"services-txt\">  (+90) 5525633090\n<\/p>\t\r\n\t\t\t\t    \t\t\r\n\r\n\t    \t    \t\t\t\t    \t    \t\t\t\t\t\t    <\/div>\r\n\t\t\t    <\/div>\r\n\r\n\t\t\t    \r\n\t\t\t    \t\r\n\r\n\t\t\t    \r\n\t    \t\t\r\n\t\t\t    \t\t\t<\/div>\r\n\t\t\t\t\t\t\t    \t\t\r\n\t\t<\/div>\t\r\n\t\t\r\n\t\t\t\t\t<\/div>\n\t\t\t\t<\/div>\n\t\t\t\t\t<\/div>\n\t\t<\/div>\n\t\t\t\t\t<\/div>\n\t\t<\/section>\n\t\t\t\t<section class=\"elementor-section elementor-inner-section elementor-element elementor-element-fb7c89e elementor-section-content-middle elementor-section-boxed elementor-section-height-default elementor-section-height-default\" data-id=\"fb7c89e\" data-element_type=\"section\" data-e-type=\"section\">\n\t\t\t\t\t\t<div class=\"elementor-container elementor-column-gap-default\">\n\t\t\t\t\t<div class=\"elementor-column elementor-col-50 elementor-inner-column elementor-element elementor-element-f816568\" data-id=\"f816568\" data-element_type=\"column\" data-e-type=\"column\">\n\t\t\t<div class=\"elementor-widget-wrap elementor-element-populated\">\n\t\t\t\t\t\t<div class=\"elementor-element elementor-element-992a859 elementor-widget elementor-widget-rs-heading\" data-id=\"992a859\" data-element_type=\"widget\" data-e-type=\"widget\" data-widget_type=\"rs-heading.default\">\n\t\t\t\t<div class=\"elementor-widget-container\">\n\t\t\t\t\t\n        <div class=\"prelements-heading default animate- \">\n\n\n\n        \t<div class=\"title-inner\">        \t\t      \t\t\n\t            <span class=\"sub-text \">Contact Us<\/span><h2 class=\"title\"><span class=\"watermark\"><\/span>Drop Us a Line<\/h2>\t\t\t\t\n\t\t\t\t\t        <\/div>\n\t                    \t<div class=\"description\">\n            \t\t            \t\t<p>\u00a0<\/p><div id=\"mttContainer\" class=\"bootstrapiso notranslate\" title=\"\" data-html=\"true\" data-original-title=\"\">\u00a0<\/div>  \n            \t<\/div>\n        \t        <\/div>\n        \t\t\t\t<\/div>\n\t\t\t\t<\/div>\n\t\t\t\t<div class=\"elementor-element elementor-element-ac07dfa elementor-widget elementor-widget-shortcode\" data-id=\"ac07dfa\" data-element_type=\"widget\" data-e-type=\"widget\" data-widget_type=\"shortcode.default\">\n\t\t\t\t<div class=\"elementor-widget-container\">\n\t\t\t\t\t\t\t<div class=\"elementor-shortcode\"><style id=\"wpforms-css-vars-9342\">\n\t\t\t\t#wpforms-9342 {\n\t\t\t\t\n\t\t\t}\n\t\t\t<\/style><div class=\"wpforms-container wpforms-container-full wpforms-render-modern\" id=\"wpforms-9342\"><form id=\"wpforms-form-9342\" class=\"wpforms-validate wpforms-form wpforms-ajax-form\" data-formid=\"9342\" method=\"post\" enctype=\"multipart\/form-data\" action=\"\/tr\/wp-json\/wp\/v2\/pages\/5865\" data-token=\"5335d9027662805c0b87e12ca9909f63\" data-token-time=\"1777131959\"><noscript class=\"wpforms-error-noscript\">Bu formu bitirebilmek i\u00e7in taray\u0131c\u0131n\u0131zda JavaScript&#039;i etkinle\u015ftirin.<\/noscript><div id=\"wpforms-error-noscript\" style=\"display: none;\">Bu formu bitirebilmek i\u00e7in taray\u0131c\u0131n\u0131zda JavaScript&#039;i etkinle\u015ftirin.<\/div><div class=\"wpforms-field-container\"><div id=\"wpforms-9342-field_0-container\" class=\"wpforms-field wpforms-field-name\" data-field-id=\"0\"><fieldset><legend class=\"wpforms-field-label\">Name <span class=\"wpforms-required-label\" aria-hidden=\"true\">*<\/span><\/legend><div class=\"wpforms-field-row wpforms-field-medium\"><div class=\"wpforms-field-row-block wpforms-first wpforms-one-half\"><input type=\"text\" id=\"wpforms-9342-field_0\" class=\"wpforms-field-name-first wpforms-field-required\" name=\"wpforms[fields][0][first]\" aria-errormessage=\"wpforms-9342-field_0-error\" required><label for=\"wpforms-9342-field_0\" class=\"wpforms-field-sublabel after\">Ad<\/label><\/div><div class=\"wpforms-field-row-block wpforms-one-half\"><input type=\"text\" id=\"wpforms-9342-field_0-last\" class=\"wpforms-field-name-last wpforms-field-required\" name=\"wpforms[fields][0][last]\" aria-errormessage=\"wpforms-9342-field_0-last-error\" required><label for=\"wpforms-9342-field_0-last\" class=\"wpforms-field-sublabel after\">Soyad<\/label><\/div><\/div><\/fieldset><\/div><div id=\"wpforms-9342-field_1-container\" class=\"wpforms-field wpforms-field-email\" data-field-id=\"1\"><label class=\"wpforms-field-label\" for=\"wpforms-9342-field_1\">Email <span class=\"wpforms-required-label\" aria-hidden=\"true\">*<\/span><\/label><input type=\"email\" id=\"wpforms-9342-field_1\" class=\"wpforms-field-medium wpforms-field-required\" name=\"wpforms[fields][1]\" spellcheck=\"false\" aria-errormessage=\"wpforms-9342-field_1-error\" required><\/div><div id=\"wpforms-9342-field_2-container\" class=\"wpforms-field wpforms-field-textarea\" data-field-id=\"2\"><label class=\"wpforms-field-label\" for=\"wpforms-9342-field_2\">Comment or Message<\/label><textarea id=\"wpforms-9342-field_2\" class=\"wpforms-field-medium\" name=\"wpforms[fields][2]\" aria-errormessage=\"wpforms-9342-field_2-error\" ><\/textarea><\/div><\/div><!-- .wpforms-field-container --><div class=\"wpforms-submit-container\" ><input type=\"hidden\" name=\"wpforms[id]\" value=\"9342\"><input type=\"hidden\" name=\"page_title\" value=\"\"><input type=\"hidden\" name=\"page_url\" value=\"https:\/\/nreduconsult.com.tr\/tr\/wp-json\/wp\/v2\/pages\/5865\"><input type=\"hidden\" name=\"url_referer\" value=\"\"><button type=\"submit\" name=\"wpforms[submit]\" id=\"wpforms-submit-9342\" class=\"wpforms-submit\" data-alt-text=\"Sending...\" data-submit-text=\"Submit\" aria-live=\"assertive\" value=\"wpforms-submit\">Submit<\/button><img decoding=\"async\" src=\"https:\/\/nreduconsult.com.tr\/wp-content\/plugins\/wpforms-lite\/assets\/images\/submit-spin.svg\" class=\"wpforms-submit-spinner\" style=\"display: none;\" width=\"26\" height=\"26\" alt=\"Y\u00fckleniyor\"><\/div><\/form><\/div>  <!-- .wpforms-container --><\/div>\n\t\t\t\t\t\t<\/div>\n\t\t\t\t<\/div>\n\t\t\t\t\t<\/div>\n\t\t<\/div>\n\t\t\t\t<div class=\"elementor-column elementor-col-50 elementor-inner-column elementor-element elementor-element-3d25447\" data-id=\"3d25447\" data-element_type=\"column\" data-e-type=\"column\">\n\t\t\t<div class=\"elementor-widget-wrap elementor-element-populated\">\n\t\t\t\t\t\t<div class=\"elementor-element elementor-element-1970616 elementor-widget elementor-widget-html\" data-id=\"1970616\" data-element_type=\"widget\" data-e-type=\"widget\" data-widget_type=\"html.default\">\n\t\t\t\t<div class=\"elementor-widget-container\">\n\t\t\t\t\t<iframe src=\"https:\/\/www.google.com\/maps\/embed?pb=!1m17!1m12!1m3!1d3060.1714075207374!2d32.76719667598621!3d39.91518017152463!2m3!1f0!2f0!3f0!3m2!1i1024!2i768!4f13.1!3m2!1m1!2zMznCsDU0JzU0LjciTiAzMsKwNDYnMTEuMiJF!5e0!3m2!1sen!2str!4v1704011921179!5m2!1sen!2str\" width=\"600\" height=\"450\" style=\"border:0;\" allowfullscreen=\"\" loading=\"lazy\" referrerpolicy=\"no-referrer-when-downgrade\"><\/iframe>\t\t\t\t<\/div>\n\t\t\t\t<\/div>\n\t\t\t\t\t<\/div>\n\t\t<\/div>\n\t\t\t\t\t<\/div>\n\t\t<\/section>\n\t\t\t\t\t<\/div>\n\t\t<\/div>\n\t\t\t\t\t<\/div>\n\t\t<\/section>\n\t\t\t\t<\/div>\n\t\t","protected":false},"excerpt":{"rendered":"<p>Contact Us Office Address Ko\u00e7ak Plaza, Mustafa Kemal Mahallesi, 2137 Sk. No:5\/5, Merkez\u00a0\u00c7ankaya,\u00a0Ankara E-Mail Address info@nreduconsult.com.tr Fax +908505223403 Call us (+90) 312 504 47 63 (+90) 552 563 30 90 WhatsApp (+90) 5525633090 Contact Us Drop Us a Line \u00a0 \u00a0<\/p>","protected":false},"author":1,"featured_media":0,"parent":0,"menu_order":0,"comment_status":"closed","ping_status":"closed","template":"","meta":{"om_disable_all_campaigns":false,"_monsterinsights_skip_tracking":false,"_monsterinsights_sitenote_active":false,"_monsterinsights_sitenote_note":"","_monsterinsights_sitenote_category":0,"footnotes":""},"class_list":["post-5865","page","type-page","status-publish","hentry"],"aioseo_notices":[],"_links":{"self":[{"href":"https:\/\/nreduconsult.com.tr\/tr\/wp-json\/wp\/v2\/pages\/5865","targetHints":{"allow":["GET"]}}],"collection":[{"href":"https:\/\/nreduconsult.com.tr\/tr\/wp-json\/wp\/v2\/pages"}],"about":[{"href":"https:\/\/nreduconsult.com.tr\/tr\/wp-json\/wp\/v2\/types\/page"}],"author":[{"embeddable":true,"href":"https:\/\/nreduconsult.com.tr\/tr\/wp-json\/wp\/v2\/users\/1"}],"replies":[{"embeddable":true,"href":"https:\/\/nreduconsult.com.tr\/tr\/wp-json\/wp\/v2\/comments?post=5865"}],"version-history":[{"count":28,"href":"https:\/\/nreduconsult.com.tr\/tr\/wp-json\/wp\/v2\/pages\/5865\/revisions"}],"predecessor-version":[{"id":9468,"href":"https:\/\/nreduconsult.com.tr\/tr\/wp-json\/wp\/v2\/pages\/5865\/revisions\/9468"}],"wp:attachment":[{"href":"https:\/\/nreduconsult.com.tr\/tr\/wp-json\/wp\/v2\/media?parent=5865"}],"curies":[{"name":"wp","href":"https:\/\/api.w.org\/{rel}","templated":true}]}}